{"id":1037,"date":"2022-03-18T16:38:20","date_gmt":"2022-03-18T16:38:20","guid":{"rendered":"https:\/\/casfortin.gob.mx\/?page_id=1037"},"modified":"2022-03-18T16:44:23","modified_gmt":"2022-03-18T16:44:23","slug":"reubicacion-de-toma","status":"publish","type":"page","link":"https:\/\/casfortin.gob.mx\/index.php\/reubicacion-de-toma\/","title":{"rendered":"Reubicaci\u00f3n de toma"},"content":{"rendered":"\t\t<div data-elementor-type=\"wp-page\" data-elementor-id=\"1037\" class=\"elementor elementor-1037\">\n\t\t\t\t\t\t<section class=\"elementor-section elementor-top-section elementor-element elementor-element-335a1be elementor-section-boxed elementor-section-height-default elementor-section-height-default\" data-id=\"335a1be\" data-element_type=\"section\" data-settings=\"{&quot;background_background&quot;:&quot;classic&quot;,&quot;ekit_has_onepagescroll_dot&quot;:&quot;yes&quot;}\">\n\t\t\t\t\t\t\t<div class=\"elementor-background-overlay\"><\/div>\n\t\t\t\t\t\t\t<div class=\"elementor-container elementor-column-gap-default\">\n\t\t\t\t\t<div class=\"elementor-column elementor-col-100 elementor-top-column elementor-element elementor-element-1d813f4\" data-id=\"1d813f4\" data-element_type=\"column\">\n\t\t\t<div class=\"elementor-widget-wrap elementor-element-populated\">\n\t\t\t\t\t\t<div class=\"elementor-element elementor-element-67e5396d elementor-widget elementor-widget-heading\" data-id=\"67e5396d\" data-element_type=\"widget\" data-settings=\"{&quot;ekit_we_effect_on&quot;:&quot;none&quot;}\" data-widget_type=\"heading.default\">\n\t\t\t\t<div class=\"elementor-widget-container\">\n\t\t\t\t\t<h2 class=\"elementor-heading-title elementor-size-default\">Requisitos para reubicaci\u00f3n de toma<\/h2>\t\t\t\t<\/div>\n\t\t\t\t<\/div>\n\t\t\t\t<div class=\"elementor-element elementor-element-106bb3f3 elementor-icon-list--layout-inline elementor-align-center elementor-list-item-link-full_width elementor-widget elementor-widget-icon-list\" data-id=\"106bb3f3\" data-element_type=\"widget\" data-settings=\"{&quot;ekit_we_effect_on&quot;:&quot;none&quot;}\" data-widget_type=\"icon-list.default\">\n\t\t\t\t<div class=\"elementor-widget-container\">\n\t\t\t\t\t\t\t<ul class=\"elementor-icon-list-items elementor-inline-items\">\n\t\t\t\t\t\t\t<li class=\"elementor-icon-list-item elementor-inline-item\">\n\t\t\t\t\t\t\t\t\t\t<span class=\"elementor-icon-list-text\">Inicio<\/span>\n\t\t\t\t\t\t\t\t\t<\/li>\n\t\t\t\t\t\t\t\t<li class=\"elementor-icon-list-item elementor-inline-item\">\n\t\t\t\t\t\t\t\t\t\t\t<span class=\"elementor-icon-list-icon\">\n\t\t\t\t\t\t\t<i aria-hidden=\"true\" class=\"fas fa-chevron-right\"><\/i>\t\t\t\t\t\t<\/span>\n\t\t\t\t\t\t\t\t\t\t<span class=\"elementor-icon-list-text\">Reubicaci\u00f3n<\/span>\n\t\t\t\t\t\t\t\t\t<\/li>\n\t\t\t\t\t\t<\/ul>\n\t\t\t\t\t\t<\/div>\n\t\t\t\t<\/div>\n\t\t\t\t\t<\/div>\n\t\t<\/div>\n\t\t\t\t\t<\/div>\n\t\t<\/section>\n\t\t\t\t<section class=\"elementor-section elementor-top-section elementor-element elementor-element-60e9957a elementor-section-boxed elementor-section-height-default elementor-section-height-default\" data-id=\"60e9957a\" data-element_type=\"section\" data-settings=\"{&quot;ekit_has_onepagescroll_dot&quot;:&quot;yes&quot;}\">\n\t\t\t\t\t\t<div class=\"elementor-container elementor-column-gap-default\">\n\t\t\t\t\t<div class=\"elementor-column elementor-col-100 elementor-top-column elementor-element elementor-element-5c6001a9\" data-id=\"5c6001a9\" data-element_type=\"column\">\n\t\t\t<div class=\"elementor-widget-wrap elementor-element-populated\">\n\t\t\t\t\t\t<div class=\"elementor-element elementor-element-2fcc78b7 elementor-widget elementor-widget-spacer\" data-id=\"2fcc78b7\" data-element_type=\"widget\" data-settings=\"{&quot;ekit_we_effect_on&quot;:&quot;none&quot;}\" data-widget_type=\"spacer.default\">\n\t\t\t\t<div class=\"elementor-widget-container\">\n\t\t\t\t\t\t\t<div class=\"elementor-spacer\">\n\t\t\t<div class=\"elementor-spacer-inner\"><\/div>\n\t\t<\/div>\n\t\t\t\t\t\t<\/div>\n\t\t\t\t<\/div>\n\t\t\t\t<div class=\"elementor-element elementor-element-9b0ec2f elementor-widget elementor-widget-heading\" data-id=\"9b0ec2f\" data-element_type=\"widget\" data-settings=\"{&quot;ekit_we_effect_on&quot;:&quot;none&quot;}\" data-widget_type=\"heading.default\">\n\t\t\t\t<div class=\"elementor-widget-container\">\n\t\t\t\t\t<h2 class=\"elementor-heading-title elementor-size-default\">REUBICACION DE TOMA EN EL MISMO PREDIO<\/h2>\t\t\t\t<\/div>\n\t\t\t\t<\/div>\n\t\t\t\t<section class=\"elementor-section elementor-inner-section elementor-element elementor-element-88e4fa6 elementor-section-boxed elementor-section-height-default elementor-section-height-default\" data-id=\"88e4fa6\" data-element_type=\"section\" data-settings=\"{&quot;ekit_has_onepagescroll_dot&quot;:&quot;yes&quot;}\">\n\t\t\t\t\t\t<div class=\"elementor-container elementor-column-gap-default\">\n\t\t\t\t\t<div class=\"elementor-column elementor-col-50 elementor-inner-column elementor-element elementor-element-3a76ceba\" data-id=\"3a76ceba\" data-element_type=\"column\">\n\t\t\t<div class=\"elementor-widget-wrap elementor-element-populated\">\n\t\t\t\t\t\t<div class=\"elementor-element elementor-element-43d4aa55 elementor-widget elementor-widget-heading\" data-id=\"43d4aa55\" data-element_type=\"widget\" data-settings=\"{&quot;ekit_we_effect_on&quot;:&quot;none&quot;}\" data-widget_type=\"heading.default\">\n\t\t\t\t<div class=\"elementor-widget-container\">\n\t\t\t\t\t<h2 class=\"elementor-heading-title elementor-size-default\">01.Documentos de Identificaci\u00f3n<\/h2>\t\t\t\t<\/div>\n\t\t\t\t<\/div>\n\t\t\t\t<div class=\"elementor-element elementor-element-1d4d1c9e elementor-widget elementor-widget-text-editor\" data-id=\"1d4d1c9e\" data-element_type=\"widget\" data-settings=\"{&quot;ekit_we_effect_on&quot;:&quot;none&quot;}\" data-widget_type=\"text-editor.default\">\n\t\t\t\t<div class=\"elementor-widget-container\">\n\t\t\t\t\t\t\t\t\t<ul><li>Ser el Titular del Predio.<\/li><li>Original y copia de Credencial de Elector.<\/li><\/ul>\t\t\t\t\t\t\t\t<\/div>\n\t\t\t\t<\/div>\n\t\t\t\t<div class=\"elementor-element elementor-element-14aab707 elementor-widget elementor-widget-heading\" data-id=\"14aab707\" data-element_type=\"widget\" data-settings=\"{&quot;ekit_we_effect_on&quot;:&quot;none&quot;}\" data-widget_type=\"heading.default\">\n\t\t\t\t<div class=\"elementor-widget-container\">\n\t\t\t\t\t<h2 class=\"elementor-heading-title elementor-size-default\">02.Gestiones<\/h2>\t\t\t\t<\/div>\n\t\t\t\t<\/div>\n\t\t\t\t<div class=\"elementor-element elementor-element-177e2639 elementor-widget elementor-widget-text-editor\" data-id=\"177e2639\" data-element_type=\"widget\" data-settings=\"{&quot;ekit_we_effect_on&quot;:&quot;none&quot;}\" data-widget_type=\"text-editor.default\">\n\t\t\t\t<div class=\"elementor-widget-container\">\n\t\t\t\t\t\t\t\t\t<ul><li><div class=\"inset-xl-right-70\"><p>Se realiza la orden de reubicaci\u00f3n y en un m\u00e1ximo de 5 a 8 d\u00edas h\u00e1biles despu\u00e9s de la inspecci\u00f3n ocular por parte del \u00c1rea t\u00e9cnica se le informa si procede la reubicaci\u00f3n y la cotizaci\u00f3n de los materiales.<\/p><\/div><\/li><\/ul>\t\t\t\t\t\t\t\t<\/div>\n\t\t\t\t<\/div>\n\t\t\t\t\t<\/div>\n\t\t<\/div>\n\t\t\t\t<div class=\"elementor-column elementor-col-50 elementor-inner-column elementor-element elementor-element-363899e5\" data-id=\"363899e5\" data-element_type=\"column\">\n\t\t\t<div class=\"elementor-widget-wrap elementor-element-populated\">\n\t\t\t\t\t\t<div class=\"elementor-element elementor-element-1eb81e6d elementor-widget elementor-widget-image\" data-id=\"1eb81e6d\" data-element_type=\"widget\" data-settings=\"{&quot;ekit_we_effect_on&quot;:&quot;none&quot;}\" data-widget_type=\"image.default\">\n\t\t\t\t<div class=\"elementor-widget-container\">\n\t\t\t\t\t\t\t\t\t\t\t\t\t\t\t<img fetchpriority=\"high\" decoding=\"async\" width=\"800\" height=\"534\" src=\"https:\/\/casfortin.gob.mx\/wp-content\/uploads\/2022\/03\/swimming-pool-water-treatment-technology-2021-08-29-14-40-50-utc-1024x683.jpeg\" class=\"elementor-animation-grow attachment-large size-large wp-image-987\" alt=\"\" srcset=\"https:\/\/casfortin.gob.mx\/wp-content\/uploads\/2022\/03\/swimming-pool-water-treatment-technology-2021-08-29-14-40-50-utc-1024x683.jpeg 1024w, https:\/\/casfortin.gob.mx\/wp-content\/uploads\/2022\/03\/swimming-pool-water-treatment-technology-2021-08-29-14-40-50-utc-300x200.jpeg 300w, https:\/\/casfortin.gob.mx\/wp-content\/uploads\/2022\/03\/swimming-pool-water-treatment-technology-2021-08-29-14-40-50-utc-768x512.jpeg 768w, https:\/\/casfortin.gob.mx\/wp-content\/uploads\/2022\/03\/swimming-pool-water-treatment-technology-2021-08-29-14-40-50-utc-1536x1024.jpeg 1536w, https:\/\/casfortin.gob.mx\/wp-content\/uploads\/2022\/03\/swimming-pool-water-treatment-technology-2021-08-29-14-40-50-utc-2048x1365.jpeg 2048w\" sizes=\"(max-width: 800px) 100vw, 800px\" \/>\t\t\t\t\t\t\t\t\t\t\t\t\t\t\t<\/div>\n\t\t\t\t<\/div>\n\t\t\t\t\t<\/div>\n\t\t<\/div>\n\t\t\t\t\t<\/div>\n\t\t<\/section>\n\t\t\t\t<div class=\"elementor-element elementor-element-6e89ccdc elementor-widget elementor-widget-spacer\" data-id=\"6e89ccdc\" data-element_type=\"widget\" data-settings=\"{&quot;ekit_we_effect_on&quot;:&quot;none&quot;}\" data-widget_type=\"spacer.default\">\n\t\t\t\t<div class=\"elementor-widget-container\">\n\t\t\t\t\t\t\t<div class=\"elementor-spacer\">\n\t\t\t<div class=\"elementor-spacer-inner\"><\/div>\n\t\t<\/div>\n\t\t\t\t\t\t<\/div>\n\t\t\t\t<\/div>\n\t\t\t\t<div class=\"elementor-element elementor-element-8931115 elementor-widget elementor-widget-heading\" data-id=\"8931115\" data-element_type=\"widget\" data-settings=\"{&quot;ekit_we_effect_on&quot;:&quot;none&quot;}\" data-widget_type=\"heading.default\">\n\t\t\t\t<div class=\"elementor-widget-container\">\n\t\t\t\t\t<h2 class=\"elementor-heading-title elementor-size-default\">REUBICACION DE TOMA EN PREDIO DISTINTO<\/h2>\t\t\t\t<\/div>\n\t\t\t\t<\/div>\n\t\t\t\t<section class=\"elementor-section elementor-inner-section elementor-element elementor-element-5da7326f elementor-section-boxed elementor-section-height-default elementor-section-height-default\" data-id=\"5da7326f\" data-element_type=\"section\" data-settings=\"{&quot;ekit_has_onepagescroll_dot&quot;:&quot;yes&quot;}\">\n\t\t\t\t\t\t<div class=\"elementor-container elementor-column-gap-default\">\n\t\t\t\t\t<div class=\"elementor-column elementor-col-50 elementor-inner-column elementor-element elementor-element-1b8558a4\" data-id=\"1b8558a4\" data-element_type=\"column\">\n\t\t\t<div class=\"elementor-widget-wrap elementor-element-populated\">\n\t\t\t\t\t\t<div class=\"elementor-element elementor-element-4b2e29b4 elementor-widget elementor-widget-heading\" data-id=\"4b2e29b4\" data-element_type=\"widget\" data-settings=\"{&quot;ekit_we_effect_on&quot;:&quot;none&quot;}\" data-widget_type=\"heading.default\">\n\t\t\t\t<div class=\"elementor-widget-container\">\n\t\t\t\t\t<h2 class=\"elementor-heading-title elementor-size-default\">01.Documentos de Identificaci\u00f3n<\/h2>\t\t\t\t<\/div>\n\t\t\t\t<\/div>\n\t\t\t\t<div class=\"elementor-element elementor-element-1d11fbfa elementor-widget elementor-widget-text-editor\" data-id=\"1d11fbfa\" data-element_type=\"widget\" data-settings=\"{&quot;ekit_we_effect_on&quot;:&quot;none&quot;}\" data-widget_type=\"text-editor.default\">\n\t\t\t\t<div class=\"elementor-widget-container\">\n\t\t\t\t\t\t\t\t\t<ul><li>Original y copia del pago predial del a\u00f1o en curso.<\/li><li>En el caso de los ejidos es necesario presentar el certificado parcelario en original y copia.<\/li><li>Original y copia de credencial de elector.<\/li><\/ul>\t\t\t\t\t\t\t\t<\/div>\n\t\t\t\t<\/div>\n\t\t\t\t<div class=\"elementor-element elementor-element-7eff6853 elementor-widget elementor-widget-heading\" data-id=\"7eff6853\" data-element_type=\"widget\" data-settings=\"{&quot;ekit_we_effect_on&quot;:&quot;none&quot;}\" data-widget_type=\"heading.default\">\n\t\t\t\t<div class=\"elementor-widget-container\">\n\t\t\t\t\t<h2 class=\"elementor-heading-title elementor-size-default\">02.Gestiones<\/h2>\t\t\t\t<\/div>\n\t\t\t\t<\/div>\n\t\t\t\t<div class=\"elementor-element elementor-element-57f906a3 elementor-widget elementor-widget-text-editor\" data-id=\"57f906a3\" data-element_type=\"widget\" data-settings=\"{&quot;ekit_we_effect_on&quot;:&quot;none&quot;}\" data-widget_type=\"text-editor.default\">\n\t\t\t\t<div class=\"elementor-widget-container\">\n\t\t\t\t\t\t\t\t\t<ul><li>Se realiza la orden de reubicaci\u00f3n y en un m\u00e1ximo de 5 a 8 d\u00edas h\u00e1biles despu\u00e9s de la inspecci\u00f3n ocular por parte del \u00c1rea t\u00e9cnica se le informa si procede la reubicaci\u00f3n y la cotizaci\u00f3n de los materiales.<\/li><\/ul>\t\t\t\t\t\t\t\t<\/div>\n\t\t\t\t<\/div>\n\t\t\t\t<div class=\"elementor-element elementor-element-3e065ca2 elementor-widget elementor-widget-heading\" data-id=\"3e065ca2\" data-element_type=\"widget\" data-settings=\"{&quot;ekit_we_effect_on&quot;:&quot;none&quot;}\" data-widget_type=\"heading.default\">\n\t\t\t\t<div class=\"elementor-widget-container\">\n\t\t\t\t\t<h2 class=\"elementor-heading-title elementor-size-default\">03.Nota<\/h2>\t\t\t\t<\/div>\n\t\t\t\t<\/div>\n\t\t\t\t<div class=\"elementor-element elementor-element-72ac6f0e elementor-widget elementor-widget-text-editor\" data-id=\"72ac6f0e\" data-element_type=\"widget\" data-settings=\"{&quot;ekit_we_effect_on&quot;:&quot;none&quot;}\" data-widget_type=\"text-editor.default\">\n\t\t\t\t<div class=\"elementor-widget-container\">\n\t\t\t\t\t\t\t\t\t<ul><li>Si el titular de la propiedad o el terreno ejidal no puede hacer el tr\u00e1mite, es necesario que expida una carta poder a otra persona para efectuarlo debidamente firmada incluyendo dos testigos.<\/li><li>Copia de credencial de elector de los firmantes incluyendo las de los dos testigos.<\/li><\/ul>\t\t\t\t\t\t\t\t<\/div>\n\t\t\t\t<\/div>\n\t\t\t\t\t<\/div>\n\t\t<\/div>\n\t\t\t\t<div class=\"elementor-column elementor-col-50 elementor-inner-column elementor-element elementor-element-112753fe\" data-id=\"112753fe\" data-element_type=\"column\">\n\t\t\t<div class=\"elementor-widget-wrap elementor-element-populated\">\n\t\t\t\t\t\t<div class=\"elementor-element elementor-element-607e7c07 elementor-widget elementor-widget-image\" data-id=\"607e7c07\" data-element_type=\"widget\" data-settings=\"{&quot;ekit_we_effect_on&quot;:&quot;none&quot;}\" data-widget_type=\"image.default\">\n\t\t\t\t<div class=\"elementor-widget-container\">\n\t\t\t\t\t\t\t\t\t\t\t\t\t\t\t<img decoding=\"async\" width=\"2560\" height=\"1703\" src=\"https:\/\/casfortin.gob.mx\/wp-content\/uploads\/2022\/03\/drinking-water-and-natural-water-in-the-hands-2021-08-26-18-28-18-utc-scaled.jpg\" class=\"elementor-animation-grow attachment-full size-full wp-image-944\" alt=\"\" srcset=\"https:\/\/casfortin.gob.mx\/wp-content\/uploads\/2022\/03\/drinking-water-and-natural-water-in-the-hands-2021-08-26-18-28-18-utc-scaled.jpg 2560w, https:\/\/casfortin.gob.mx\/wp-content\/uploads\/2022\/03\/drinking-water-and-natural-water-in-the-hands-2021-08-26-18-28-18-utc-300x200.jpg 300w, https:\/\/casfortin.gob.mx\/wp-content\/uploads\/2022\/03\/drinking-water-and-natural-water-in-the-hands-2021-08-26-18-28-18-utc-1024x681.jpg 1024w, https:\/\/casfortin.gob.mx\/wp-content\/uploads\/2022\/03\/drinking-water-and-natural-water-in-the-hands-2021-08-26-18-28-18-utc-768x511.jpg 768w, https:\/\/casfortin.gob.mx\/wp-content\/uploads\/2022\/03\/drinking-water-and-natural-water-in-the-hands-2021-08-26-18-28-18-utc-1536x1022.jpg 1536w, https:\/\/casfortin.gob.mx\/wp-content\/uploads\/2022\/03\/drinking-water-and-natural-water-in-the-hands-2021-08-26-18-28-18-utc-2048x1363.jpg 2048w\" sizes=\"(max-width: 2560px) 100vw, 2560px\" \/>\t\t\t\t\t\t\t\t\t\t\t\t\t\t\t<\/div>\n\t\t\t\t<\/div>\n\t\t\t\t\t<\/div>\n\t\t<\/div>\n\t\t\t\t\t<\/div>\n\t\t<\/section>\n\t\t\t\t<div class=\"elementor-element elementor-element-65282674 elementor-widget elementor-widget-spacer\" data-id=\"65282674\" data-element_type=\"widget\" data-settings=\"{&quot;ekit_we_effect_on&quot;:&quot;none&quot;}\" data-widget_type=\"spacer.default\">\n\t\t\t\t<div class=\"elementor-widget-container\">\n\t\t\t\t\t\t\t<div class=\"elementor-spacer\">\n\t\t\t<div class=\"elementor-spacer-inner\"><\/div>\n\t\t<\/div>\n\t\t\t\t\t\t<\/div>\n\t\t\t\t<\/div>\n\t\t\t\t\t<\/div>\n\t\t<\/div>\n\t\t\t\t\t<\/div>\n\t\t<\/section>\n\t\t\t\t<\/div>\n\t\t","protected":false},"excerpt":{"rendered":"<p>Requisitos para reubicaci\u00f3n de toma Inicio Reubicaci\u00f3n REUBICACION DE TOMA EN EL MISMO PREDIO 01.Documentos de Identificaci\u00f3n Ser el Titular del Predio. Original y copia de Credencial de Elector. 02.Gestiones Se realiza la orden de reubicaci\u00f3n y en un m\u00e1ximo de 5 a 8 d\u00edas h\u00e1biles despu\u00e9s de la inspecci\u00f3n ocular por parte del \u00c1rea [&hellip;]<\/p>\n","protected":false},"author":1,"featured_media":0,"parent":0,"menu_order":0,"comment_status":"closed","ping_status":"closed","template":"elementor_header_footer","meta":{"footnotes":""},"class_list":["post-1037","page","type-page","status-publish","hentry"],"yoast_head":"<!-- This site is optimized with the Yoast SEO plugin v24.3 - https:\/\/yoast.com\/wordpress\/plugins\/seo\/ -->\n<title>Reubicaci\u00f3n de toma - Comisi\u00f3n de Agua y Saneamiento de Fortin<\/title>\n<meta name=\"robots\" content=\"index, follow, max-snippet:-1, max-image-preview:large, max-video-preview:-1\" \/>\n<link rel=\"canonical\" href=\"https:\/\/casfortin.gob.mx\/index.php\/reubicacion-de-toma\/\" \/>\n<meta property=\"og:locale\" content=\"es_MX\" \/>\n<meta property=\"og:type\" content=\"article\" \/>\n<meta property=\"og:title\" content=\"Reubicaci\u00f3n de toma - Comisi\u00f3n de Agua y Saneamiento de Fortin\" \/>\n<meta property=\"og:description\" content=\"Requisitos para reubicaci\u00f3n de toma Inicio Reubicaci\u00f3n REUBICACION DE TOMA EN EL MISMO PREDIO 01.Documentos de Identificaci\u00f3n Ser el Titular del Predio. Original y copia de Credencial de Elector. 02.Gestiones Se realiza la orden de reubicaci\u00f3n y en un m\u00e1ximo de 5 a 8 d\u00edas h\u00e1biles despu\u00e9s de la inspecci\u00f3n ocular por parte del \u00c1rea [&hellip;]\" \/>\n<meta property=\"og:url\" content=\"https:\/\/casfortin.gob.mx\/index.php\/reubicacion-de-toma\/\" \/>\n<meta property=\"og:site_name\" content=\"Comisi\u00f3n de Agua y Saneamiento de Fortin\" \/>\n<meta property=\"article:modified_time\" content=\"2022-03-18T16:44:23+00:00\" \/>\n<meta property=\"og:image\" content=\"https:\/\/casfortin.gob.mx\/wp-content\/uploads\/2022\/03\/swimming-pool-water-treatment-technology-2021-08-29-14-40-50-utc-1024x683.jpeg\" \/>\n<meta name=\"twitter:card\" content=\"summary_large_image\" \/>\n<meta name=\"twitter:label1\" content=\"Tiempo de lectura\" \/>\n\t<meta name=\"twitter:data1\" content=\"2 minutos\" \/>\n<script type=\"application\/ld+json\" class=\"yoast-schema-graph\">{\"@context\":\"https:\/\/schema.org\",\"@graph\":[{\"@type\":\"WebPage\",\"@id\":\"https:\/\/casfortin.gob.mx\/index.php\/reubicacion-de-toma\/\",\"url\":\"https:\/\/casfortin.gob.mx\/index.php\/reubicacion-de-toma\/\",\"name\":\"Reubicaci\u00f3n de toma - Comisi\u00f3n de Agua y Saneamiento de Fortin\",\"isPartOf\":{\"@id\":\"https:\/\/casfortin.gob.mx\/#website\"},\"primaryImageOfPage\":{\"@id\":\"https:\/\/casfortin.gob.mx\/index.php\/reubicacion-de-toma\/#primaryimage\"},\"image\":{\"@id\":\"https:\/\/casfortin.gob.mx\/index.php\/reubicacion-de-toma\/#primaryimage\"},\"thumbnailUrl\":\"https:\/\/casfortin.gob.mx\/wp-content\/uploads\/2022\/03\/swimming-pool-water-treatment-technology-2021-08-29-14-40-50-utc-1024x683.jpeg\",\"datePublished\":\"2022-03-18T16:38:20+00:00\",\"dateModified\":\"2022-03-18T16:44:23+00:00\",\"breadcrumb\":{\"@id\":\"https:\/\/casfortin.gob.mx\/index.php\/reubicacion-de-toma\/#breadcrumb\"},\"inLanguage\":\"es\",\"potentialAction\":[{\"@type\":\"ReadAction\",\"target\":[\"https:\/\/casfortin.gob.mx\/index.php\/reubicacion-de-toma\/\"]}]},{\"@type\":\"ImageObject\",\"inLanguage\":\"es\",\"@id\":\"https:\/\/casfortin.gob.mx\/index.php\/reubicacion-de-toma\/#primaryimage\",\"url\":\"https:\/\/casfortin.gob.mx\/wp-content\/uploads\/2022\/03\/swimming-pool-water-treatment-technology-2021-08-29-14-40-50-utc-scaled.jpeg\",\"contentUrl\":\"https:\/\/casfortin.gob.mx\/wp-content\/uploads\/2022\/03\/swimming-pool-water-treatment-technology-2021-08-29-14-40-50-utc-scaled.jpeg\",\"width\":2560,\"height\":1706,\"caption\":\"Outdoor and Indoor Swimming Pool Water Treatment Technology Elements. Complicated Water Purifying System.\"},{\"@type\":\"BreadcrumbList\",\"@id\":\"https:\/\/casfortin.gob.mx\/index.php\/reubicacion-de-toma\/#breadcrumb\",\"itemListElement\":[{\"@type\":\"ListItem\",\"position\":1,\"name\":\"Inicio\",\"item\":\"https:\/\/casfortin.gob.mx\/\"},{\"@type\":\"ListItem\",\"position\":2,\"name\":\"Reubicaci\u00f3n de toma\"}]},{\"@type\":\"WebSite\",\"@id\":\"https:\/\/casfortin.gob.mx\/#website\",\"url\":\"https:\/\/casfortin.gob.mx\/\",\"name\":\"Comisi\u00f3n de Agua y Saneamiento de Fortin\",\"description\":\"La Comisi\u00f3n de Agua y Saneamiento de Fort\u00edn es un organismo p\u00fablico descentralizado que surge por la necesidad de dotar al municipio de Fort\u00edn\",\"publisher\":{\"@id\":\"https:\/\/casfortin.gob.mx\/#organization\"},\"potentialAction\":[{\"@type\":\"SearchAction\",\"target\":{\"@type\":\"EntryPoint\",\"urlTemplate\":\"https:\/\/casfortin.gob.mx\/?s={search_term_string}\"},\"query-input\":{\"@type\":\"PropertyValueSpecification\",\"valueRequired\":true,\"valueName\":\"search_term_string\"}}],\"inLanguage\":\"es\"},{\"@type\":\"Organization\",\"@id\":\"https:\/\/casfortin.gob.mx\/#organization\",\"name\":\"Comisi\u00f3n de Agua y Saneamiento De Fort\u00edn\",\"url\":\"https:\/\/casfortin.gob.mx\/\",\"logo\":{\"@type\":\"ImageObject\",\"inLanguage\":\"es\",\"@id\":\"https:\/\/casfortin.gob.mx\/#\/schema\/logo\/image\/\",\"url\":\"https:\/\/casfortin.gob.mx\/wp-content\/uploads\/2022\/02\/logo-02-1.png\",\"contentUrl\":\"https:\/\/casfortin.gob.mx\/wp-content\/uploads\/2022\/02\/logo-02-1.png\",\"width\":657,\"height\":186,\"caption\":\"Comisi\u00f3n de Agua y Saneamiento De Fort\u00edn\"},\"image\":{\"@id\":\"https:\/\/casfortin.gob.mx\/#\/schema\/logo\/image\/\"}}]}<\/script>\n<!-- \/ Yoast SEO plugin. -->","yoast_head_json":{"title":"Reubicaci\u00f3n de toma - Comisi\u00f3n de Agua y Saneamiento de Fortin","robots":{"index":"index","follow":"follow","max-snippet":"max-snippet:-1","max-image-preview":"max-image-preview:large","max-video-preview":"max-video-preview:-1"},"canonical":"https:\/\/casfortin.gob.mx\/index.php\/reubicacion-de-toma\/","og_locale":"es_MX","og_type":"article","og_title":"Reubicaci\u00f3n de toma - Comisi\u00f3n de Agua y Saneamiento de Fortin","og_description":"Requisitos para reubicaci\u00f3n de toma Inicio Reubicaci\u00f3n REUBICACION DE TOMA EN EL MISMO PREDIO 01.Documentos de Identificaci\u00f3n Ser el Titular del Predio. Original y copia de Credencial de Elector. 02.Gestiones Se realiza la orden de reubicaci\u00f3n y en un m\u00e1ximo de 5 a 8 d\u00edas h\u00e1biles despu\u00e9s de la inspecci\u00f3n ocular por parte del \u00c1rea [&hellip;]","og_url":"https:\/\/casfortin.gob.mx\/index.php\/reubicacion-de-toma\/","og_site_name":"Comisi\u00f3n de Agua y Saneamiento de Fortin","article_modified_time":"2022-03-18T16:44:23+00:00","og_image":[{"url":"https:\/\/casfortin.gob.mx\/wp-content\/uploads\/2022\/03\/swimming-pool-water-treatment-technology-2021-08-29-14-40-50-utc-1024x683.jpeg","type":"","width":"","height":""}],"twitter_card":"summary_large_image","twitter_misc":{"Tiempo de lectura":"2 minutos"},"schema":{"@context":"https:\/\/schema.org","@graph":[{"@type":"WebPage","@id":"https:\/\/casfortin.gob.mx\/index.php\/reubicacion-de-toma\/","url":"https:\/\/casfortin.gob.mx\/index.php\/reubicacion-de-toma\/","name":"Reubicaci\u00f3n de toma - Comisi\u00f3n de Agua y Saneamiento de Fortin","isPartOf":{"@id":"https:\/\/casfortin.gob.mx\/#website"},"primaryImageOfPage":{"@id":"https:\/\/casfortin.gob.mx\/index.php\/reubicacion-de-toma\/#primaryimage"},"image":{"@id":"https:\/\/casfortin.gob.mx\/index.php\/reubicacion-de-toma\/#primaryimage"},"thumbnailUrl":"https:\/\/casfortin.gob.mx\/wp-content\/uploads\/2022\/03\/swimming-pool-water-treatment-technology-2021-08-29-14-40-50-utc-1024x683.jpeg","datePublished":"2022-03-18T16:38:20+00:00","dateModified":"2022-03-18T16:44:23+00:00","breadcrumb":{"@id":"https:\/\/casfortin.gob.mx\/index.php\/reubicacion-de-toma\/#breadcrumb"},"inLanguage":"es","potentialAction":[{"@type":"ReadAction","target":["https:\/\/casfortin.gob.mx\/index.php\/reubicacion-de-toma\/"]}]},{"@type":"ImageObject","inLanguage":"es","@id":"https:\/\/casfortin.gob.mx\/index.php\/reubicacion-de-toma\/#primaryimage","url":"https:\/\/casfortin.gob.mx\/wp-content\/uploads\/2022\/03\/swimming-pool-water-treatment-technology-2021-08-29-14-40-50-utc-scaled.jpeg","contentUrl":"https:\/\/casfortin.gob.mx\/wp-content\/uploads\/2022\/03\/swimming-pool-water-treatment-technology-2021-08-29-14-40-50-utc-scaled.jpeg","width":2560,"height":1706,"caption":"Outdoor and Indoor Swimming Pool Water Treatment Technology Elements. Complicated Water Purifying System."},{"@type":"BreadcrumbList","@id":"https:\/\/casfortin.gob.mx\/index.php\/reubicacion-de-toma\/#breadcrumb","itemListElement":[{"@type":"ListItem","position":1,"name":"Inicio","item":"https:\/\/casfortin.gob.mx\/"},{"@type":"ListItem","position":2,"name":"Reubicaci\u00f3n de toma"}]},{"@type":"WebSite","@id":"https:\/\/casfortin.gob.mx\/#website","url":"https:\/\/casfortin.gob.mx\/","name":"Comisi\u00f3n de Agua y Saneamiento de Fortin","description":"La Comisi\u00f3n de Agua y Saneamiento de Fort\u00edn es un organismo p\u00fablico descentralizado que surge por la necesidad de dotar al municipio de Fort\u00edn","publisher":{"@id":"https:\/\/casfortin.gob.mx\/#organization"},"potentialAction":[{"@type":"SearchAction","target":{"@type":"EntryPoint","urlTemplate":"https:\/\/casfortin.gob.mx\/?s={search_term_string}"},"query-input":{"@type":"PropertyValueSpecification","valueRequired":true,"valueName":"search_term_string"}}],"inLanguage":"es"},{"@type":"Organization","@id":"https:\/\/casfortin.gob.mx\/#organization","name":"Comisi\u00f3n de Agua y Saneamiento De Fort\u00edn","url":"https:\/\/casfortin.gob.mx\/","logo":{"@type":"ImageObject","inLanguage":"es","@id":"https:\/\/casfortin.gob.mx\/#\/schema\/logo\/image\/","url":"https:\/\/casfortin.gob.mx\/wp-content\/uploads\/2022\/02\/logo-02-1.png","contentUrl":"https:\/\/casfortin.gob.mx\/wp-content\/uploads\/2022\/02\/logo-02-1.png","width":657,"height":186,"caption":"Comisi\u00f3n de Agua y Saneamiento De Fort\u00edn"},"image":{"@id":"https:\/\/casfortin.gob.mx\/#\/schema\/logo\/image\/"}}]}},"_links":{"self":[{"href":"https:\/\/casfortin.gob.mx\/index.php\/wp-json\/wp\/v2\/pages\/1037","targetHints":{"allow":["GET"]}}],"collection":[{"href":"https:\/\/casfortin.gob.mx\/index.php\/wp-json\/wp\/v2\/pages"}],"about":[{"href":"https:\/\/casfortin.gob.mx\/index.php\/wp-json\/wp\/v2\/types\/page"}],"author":[{"embeddable":true,"href":"https:\/\/casfortin.gob.mx\/index.php\/wp-json\/wp\/v2\/users\/1"}],"replies":[{"embeddable":true,"href":"https:\/\/casfortin.gob.mx\/index.php\/wp-json\/wp\/v2\/comments?post=1037"}],"version-history":[{"count":4,"href":"https:\/\/casfortin.gob.mx\/index.php\/wp-json\/wp\/v2\/pages\/1037\/revisions"}],"predecessor-version":[{"id":1042,"href":"https:\/\/casfortin.gob.mx\/index.php\/wp-json\/wp\/v2\/pages\/1037\/revisions\/1042"}],"wp:attachment":[{"href":"https:\/\/casfortin.gob.mx\/index.php\/wp-json\/wp\/v2\/media?parent=1037"}],"curies":[{"name":"wp","href":"https:\/\/api.w.org\/{rel}","templated":true}]}}