{"id":1059,"date":"2022-03-18T16:54:41","date_gmt":"2022-03-18T16:54:41","guid":{"rendered":"https:\/\/casfortin.gob.mx\/?page_id=1059"},"modified":"2022-04-11T21:58:53","modified_gmt":"2022-04-11T21:58:53","slug":"baja-definitiva","status":"publish","type":"page","link":"https:\/\/casfortin.gob.mx\/index.php\/baja-definitiva\/","title":{"rendered":"Baja definitiva"},"content":{"rendered":"\t\t<div data-elementor-type=\"wp-page\" data-elementor-id=\"1059\" class=\"elementor elementor-1059\">\n\t\t\t\t\t\t<section class=\"elementor-section elementor-top-section elementor-element elementor-element-10fe87ed elementor-section-boxed elementor-section-height-default elementor-section-height-default\" data-id=\"10fe87ed\" data-element_type=\"section\" data-settings=\"{&quot;background_background&quot;:&quot;classic&quot;,&quot;ekit_has_onepagescroll_dot&quot;:&quot;yes&quot;}\">\n\t\t\t\t\t\t\t<div class=\"elementor-background-overlay\"><\/div>\n\t\t\t\t\t\t\t<div class=\"elementor-container elementor-column-gap-default\">\n\t\t\t\t\t<div class=\"elementor-column elementor-col-100 elementor-top-column elementor-element elementor-element-319eecb6\" data-id=\"319eecb6\" data-element_type=\"column\">\n\t\t\t<div class=\"elementor-widget-wrap elementor-element-populated\">\n\t\t\t\t\t\t<div class=\"elementor-element elementor-element-18d74cdd elementor-widget elementor-widget-heading\" data-id=\"18d74cdd\" data-element_type=\"widget\" data-settings=\"{&quot;ekit_we_effect_on&quot;:&quot;none&quot;}\" data-widget_type=\"heading.default\">\n\t\t\t\t<div class=\"elementor-widget-container\">\n\t\t\t\t\t<h2 class=\"elementor-heading-title elementor-size-default\">Requisitos baja del servicio : Definitiva <\/h2>\t\t\t\t<\/div>\n\t\t\t\t<\/div>\n\t\t\t\t<div class=\"elementor-element elementor-element-68c341bd elementor-icon-list--layout-inline elementor-align-center elementor-list-item-link-full_width elementor-widget elementor-widget-icon-list\" data-id=\"68c341bd\" data-element_type=\"widget\" data-settings=\"{&quot;ekit_we_effect_on&quot;:&quot;none&quot;}\" data-widget_type=\"icon-list.default\">\n\t\t\t\t<div class=\"elementor-widget-container\">\n\t\t\t\t\t\t\t<ul class=\"elementor-icon-list-items elementor-inline-items\">\n\t\t\t\t\t\t\t<li class=\"elementor-icon-list-item elementor-inline-item\">\n\t\t\t\t\t\t\t\t\t\t<span class=\"elementor-icon-list-text\">Inicio<\/span>\n\t\t\t\t\t\t\t\t\t<\/li>\n\t\t\t\t\t\t\t\t<li class=\"elementor-icon-list-item elementor-inline-item\">\n\t\t\t\t\t\t\t\t\t\t\t<span class=\"elementor-icon-list-icon\">\n\t\t\t\t\t\t\t<i aria-hidden=\"true\" class=\"fas fa-chevron-right\"><\/i>\t\t\t\t\t\t<\/span>\n\t\t\t\t\t\t\t\t\t\t<span class=\"elementor-icon-list-text\">Baja del servicio <\/span>\n\t\t\t\t\t\t\t\t\t<\/li>\n\t\t\t\t\t\t<\/ul>\n\t\t\t\t\t\t<\/div>\n\t\t\t\t<\/div>\n\t\t\t\t\t<\/div>\n\t\t<\/div>\n\t\t\t\t\t<\/div>\n\t\t<\/section>\n\t\t\t\t<section class=\"elementor-section elementor-top-section elementor-element elementor-element-17f1b3e5 elementor-section-boxed elementor-section-height-default elementor-section-height-default\" data-id=\"17f1b3e5\" data-element_type=\"section\" data-settings=\"{&quot;ekit_has_onepagescroll_dot&quot;:&quot;yes&quot;}\">\n\t\t\t\t\t\t<div class=\"elementor-container elementor-column-gap-default\">\n\t\t\t\t\t<div class=\"elementor-column elementor-col-100 elementor-top-column elementor-element elementor-element-36c16d4d\" data-id=\"36c16d4d\" data-element_type=\"column\">\n\t\t\t<div class=\"elementor-widget-wrap elementor-element-populated\">\n\t\t\t\t\t\t<div class=\"elementor-element elementor-element-588241ad elementor-widget elementor-widget-spacer\" data-id=\"588241ad\" data-element_type=\"widget\" data-settings=\"{&quot;ekit_we_effect_on&quot;:&quot;none&quot;}\" data-widget_type=\"spacer.default\">\n\t\t\t\t<div class=\"elementor-widget-container\">\n\t\t\t\t\t\t\t<div class=\"elementor-spacer\">\n\t\t\t<div class=\"elementor-spacer-inner\"><\/div>\n\t\t<\/div>\n\t\t\t\t\t\t<\/div>\n\t\t\t\t<\/div>\n\t\t\t\t<section class=\"elementor-section elementor-inner-section elementor-element elementor-element-793dc90 elementor-section-boxed elementor-section-height-default elementor-section-height-default\" data-id=\"793dc90\" data-element_type=\"section\" data-settings=\"{&quot;ekit_has_onepagescroll_dot&quot;:&quot;yes&quot;}\">\n\t\t\t\t\t\t<div class=\"elementor-container elementor-column-gap-default\">\n\t\t\t\t\t<div class=\"elementor-column elementor-col-50 elementor-inner-column elementor-element elementor-element-6b889db8\" data-id=\"6b889db8\" data-element_type=\"column\">\n\t\t\t<div class=\"elementor-widget-wrap elementor-element-populated\">\n\t\t\t\t\t\t<div class=\"elementor-element elementor-element-32f51383 elementor-widget elementor-widget-heading\" data-id=\"32f51383\" data-element_type=\"widget\" data-settings=\"{&quot;ekit_we_effect_on&quot;:&quot;none&quot;}\" data-widget_type=\"heading.default\">\n\t\t\t\t<div class=\"elementor-widget-container\">\n\t\t\t\t\t<h2 class=\"elementor-heading-title elementor-size-default\">01.Suspensi\u00f3n Temporal del contrato<\/h2>\t\t\t\t<\/div>\n\t\t\t\t<\/div>\n\t\t\t\t<div class=\"elementor-element elementor-element-14e75841 elementor-widget elementor-widget-text-editor\" data-id=\"14e75841\" data-element_type=\"widget\" data-settings=\"{&quot;ekit_we_effect_on&quot;:&quot;none&quot;}\" data-widget_type=\"text-editor.default\">\n\t\t\t\t<div class=\"elementor-widget-container\">\n\t\t\t\t\t\t\t\t\t<div class=\"inset-xl-right-70\"><ul><li>Escrito elaborado por el titular del predio, dirigido a la Direcci\u00f3n General CASF, mencionando n\u00famero de contrato, nombre y direcci\u00f3n de usuario y los motivos por los cuales requiere la suspensi\u00f3n temporal.<\/li><li>Cuando requiera del mismo se pagar\u00e1 el costo de la reconexi\u00f3n vigente.<\/li><li>Anexar copia la credencial de elector del titular.<\/li><\/ul><div class=\"inset-xl-right-70\"><ul><li>Si el titular de la propiedad o terreno ejidal no puede hacer el tr\u00e1mite, es necesario que expida una carta poder a otra persona para efectuarlo debidamente firmada incluyendo dos testigos \u2022Copia de credencial de elector de los firmantes incluyendo las de los testigos.<\/li><li>Estar al corriente en sus pagos.<\/li><li>Se\u00f1alar tel\u00e9fono y correo electr\u00f3nico.<\/li><\/ul><\/div><\/div>\t\t\t\t\t\t\t\t<\/div>\n\t\t\t\t<\/div>\n\t\t\t\t\t<\/div>\n\t\t<\/div>\n\t\t\t\t<div class=\"elementor-column elementor-col-50 elementor-inner-column elementor-element elementor-element-2281fdcf\" data-id=\"2281fdcf\" data-element_type=\"column\">\n\t\t\t<div class=\"elementor-widget-wrap elementor-element-populated\">\n\t\t\t\t\t\t<div class=\"elementor-element elementor-element-7b55bd68 elementor-widget elementor-widget-image\" data-id=\"7b55bd68\" data-element_type=\"widget\" data-settings=\"{&quot;ekit_we_effect_on&quot;:&quot;none&quot;}\" data-widget_type=\"image.default\">\n\t\t\t\t<div class=\"elementor-widget-container\">\n\t\t\t\t\t\t\t\t\t\t\t\t\t\t\t<img fetchpriority=\"high\" decoding=\"async\" width=\"800\" height=\"534\" src=\"https:\/\/casfortin.gob.mx\/wp-content\/uploads\/2022\/03\/drinking-water-2021-09-02-21-45-49-utc-1024x683.jpg\" class=\"elementor-animation-grow attachment-large size-large wp-image-943\" alt=\"\" srcset=\"https:\/\/casfortin.gob.mx\/wp-content\/uploads\/2022\/03\/drinking-water-2021-09-02-21-45-49-utc-1024x683.jpg 1024w, https:\/\/casfortin.gob.mx\/wp-content\/uploads\/2022\/03\/drinking-water-2021-09-02-21-45-49-utc-300x200.jpg 300w, https:\/\/casfortin.gob.mx\/wp-content\/uploads\/2022\/03\/drinking-water-2021-09-02-21-45-49-utc-768x512.jpg 768w, https:\/\/casfortin.gob.mx\/wp-content\/uploads\/2022\/03\/drinking-water-2021-09-02-21-45-49-utc-1536x1024.jpg 1536w, https:\/\/casfortin.gob.mx\/wp-content\/uploads\/2022\/03\/drinking-water-2021-09-02-21-45-49-utc-2048x1365.jpg 2048w\" sizes=\"(max-width: 800px) 100vw, 800px\" \/>\t\t\t\t\t\t\t\t\t\t\t\t\t\t\t<\/div>\n\t\t\t\t<\/div>\n\t\t\t\t\t<\/div>\n\t\t<\/div>\n\t\t\t\t\t<\/div>\n\t\t<\/section>\n\t\t\t\t<div class=\"elementor-element elementor-element-3df7f308 elementor-widget elementor-widget-spacer\" data-id=\"3df7f308\" data-element_type=\"widget\" data-settings=\"{&quot;ekit_we_effect_on&quot;:&quot;none&quot;}\" data-widget_type=\"spacer.default\">\n\t\t\t\t<div class=\"elementor-widget-container\">\n\t\t\t\t\t\t\t<div class=\"elementor-spacer\">\n\t\t\t<div class=\"elementor-spacer-inner\"><\/div>\n\t\t<\/div>\n\t\t\t\t\t\t<\/div>\n\t\t\t\t<\/div>\n\t\t\t\t\t<\/div>\n\t\t<\/div>\n\t\t\t\t\t<\/div>\n\t\t<\/section>\n\t\t\t\t<\/div>\n\t\t","protected":false},"excerpt":{"rendered":"<p>Requisitos baja del servicio : Definitiva Inicio Baja del servicio 01.Suspensi\u00f3n Temporal del contrato Escrito elaborado por el titular del predio, dirigido a la Direcci\u00f3n General CASF, mencionando n\u00famero de contrato, nombre y direcci\u00f3n de usuario y los motivos por los cuales requiere la suspensi\u00f3n temporal. Cuando requiera del mismo se pagar\u00e1 el costo de [&hellip;]<\/p>\n","protected":false},"author":1,"featured_media":0,"parent":0,"menu_order":0,"comment_status":"closed","ping_status":"closed","template":"elementor_header_footer","meta":{"footnotes":""},"class_list":["post-1059","page","type-page","status-publish","hentry"],"yoast_head":"<!-- This site is optimized with the Yoast SEO plugin v24.3 - https:\/\/yoast.com\/wordpress\/plugins\/seo\/ -->\n<title>Baja definitiva - Comisi\u00f3n de Agua y Saneamiento de Fortin<\/title>\n<meta name=\"robots\" content=\"index, follow, max-snippet:-1, max-image-preview:large, max-video-preview:-1\" \/>\n<link rel=\"canonical\" href=\"https:\/\/casfortin.gob.mx\/index.php\/baja-definitiva\/\" \/>\n<meta property=\"og:locale\" content=\"es_MX\" \/>\n<meta property=\"og:type\" content=\"article\" \/>\n<meta property=\"og:title\" content=\"Baja definitiva - Comisi\u00f3n de Agua y Saneamiento de Fortin\" \/>\n<meta property=\"og:description\" content=\"Requisitos baja del servicio : Definitiva Inicio Baja del servicio 01.Suspensi\u00f3n Temporal del contrato Escrito elaborado por el titular del predio, dirigido a la Direcci\u00f3n General CASF, mencionando n\u00famero de contrato, nombre y direcci\u00f3n de usuario y los motivos por los cuales requiere la suspensi\u00f3n temporal. Cuando requiera del mismo se pagar\u00e1 el costo de [&hellip;]\" \/>\n<meta property=\"og:url\" content=\"https:\/\/casfortin.gob.mx\/index.php\/baja-definitiva\/\" \/>\n<meta property=\"og:site_name\" content=\"Comisi\u00f3n de Agua y Saneamiento de Fortin\" \/>\n<meta property=\"article:modified_time\" content=\"2022-04-11T21:58:53+00:00\" \/>\n<meta property=\"og:image\" content=\"https:\/\/casfortin.gob.mx\/wp-content\/uploads\/2022\/03\/drinking-water-2021-09-02-21-45-49-utc-1024x683.jpg\" \/>\n<meta name=\"twitter:card\" content=\"summary_large_image\" \/>\n<meta name=\"twitter:label1\" content=\"Tiempo de lectura\" \/>\n\t<meta name=\"twitter:data1\" content=\"1 minuto\" \/>\n<script type=\"application\/ld+json\" class=\"yoast-schema-graph\">{\"@context\":\"https:\/\/schema.org\",\"@graph\":[{\"@type\":\"WebPage\",\"@id\":\"https:\/\/casfortin.gob.mx\/index.php\/baja-definitiva\/\",\"url\":\"https:\/\/casfortin.gob.mx\/index.php\/baja-definitiva\/\",\"name\":\"Baja definitiva - Comisi\u00f3n de Agua y Saneamiento de Fortin\",\"isPartOf\":{\"@id\":\"https:\/\/casfortin.gob.mx\/#website\"},\"primaryImageOfPage\":{\"@id\":\"https:\/\/casfortin.gob.mx\/index.php\/baja-definitiva\/#primaryimage\"},\"image\":{\"@id\":\"https:\/\/casfortin.gob.mx\/index.php\/baja-definitiva\/#primaryimage\"},\"thumbnailUrl\":\"https:\/\/casfortin.gob.mx\/wp-content\/uploads\/2022\/03\/drinking-water-2021-09-02-21-45-49-utc-1024x683.jpg\",\"datePublished\":\"2022-03-18T16:54:41+00:00\",\"dateModified\":\"2022-04-11T21:58:53+00:00\",\"breadcrumb\":{\"@id\":\"https:\/\/casfortin.gob.mx\/index.php\/baja-definitiva\/#breadcrumb\"},\"inLanguage\":\"es\",\"potentialAction\":[{\"@type\":\"ReadAction\",\"target\":[\"https:\/\/casfortin.gob.mx\/index.php\/baja-definitiva\/\"]}]},{\"@type\":\"ImageObject\",\"inLanguage\":\"es\",\"@id\":\"https:\/\/casfortin.gob.mx\/index.php\/baja-definitiva\/#primaryimage\",\"url\":\"https:\/\/casfortin.gob.mx\/wp-content\/uploads\/2022\/03\/drinking-water-2021-09-02-21-45-49-utc-scaled.jpg\",\"contentUrl\":\"https:\/\/casfortin.gob.mx\/wp-content\/uploads\/2022\/03\/drinking-water-2021-09-02-21-45-49-utc-scaled.jpg\",\"width\":2560,\"height\":1707,\"caption\":\"Glass of drinking water on table in kitchen\"},{\"@type\":\"BreadcrumbList\",\"@id\":\"https:\/\/casfortin.gob.mx\/index.php\/baja-definitiva\/#breadcrumb\",\"itemListElement\":[{\"@type\":\"ListItem\",\"position\":1,\"name\":\"Inicio\",\"item\":\"https:\/\/casfortin.gob.mx\/\"},{\"@type\":\"ListItem\",\"position\":2,\"name\":\"Baja definitiva\"}]},{\"@type\":\"WebSite\",\"@id\":\"https:\/\/casfortin.gob.mx\/#website\",\"url\":\"https:\/\/casfortin.gob.mx\/\",\"name\":\"Comisi\u00f3n de Agua y Saneamiento de Fortin\",\"description\":\"La Comisi\u00f3n de Agua y Saneamiento de Fort\u00edn es un organismo p\u00fablico descentralizado que surge por la necesidad de dotar al municipio de Fort\u00edn\",\"publisher\":{\"@id\":\"https:\/\/casfortin.gob.mx\/#organization\"},\"potentialAction\":[{\"@type\":\"SearchAction\",\"target\":{\"@type\":\"EntryPoint\",\"urlTemplate\":\"https:\/\/casfortin.gob.mx\/?s={search_term_string}\"},\"query-input\":{\"@type\":\"PropertyValueSpecification\",\"valueRequired\":true,\"valueName\":\"search_term_string\"}}],\"inLanguage\":\"es\"},{\"@type\":\"Organization\",\"@id\":\"https:\/\/casfortin.gob.mx\/#organization\",\"name\":\"Comisi\u00f3n de Agua y Saneamiento De Fort\u00edn\",\"url\":\"https:\/\/casfortin.gob.mx\/\",\"logo\":{\"@type\":\"ImageObject\",\"inLanguage\":\"es\",\"@id\":\"https:\/\/casfortin.gob.mx\/#\/schema\/logo\/image\/\",\"url\":\"https:\/\/casfortin.gob.mx\/wp-content\/uploads\/2022\/02\/logo-02-1.png\",\"contentUrl\":\"https:\/\/casfortin.gob.mx\/wp-content\/uploads\/2022\/02\/logo-02-1.png\",\"width\":657,\"height\":186,\"caption\":\"Comisi\u00f3n de Agua y Saneamiento De Fort\u00edn\"},\"image\":{\"@id\":\"https:\/\/casfortin.gob.mx\/#\/schema\/logo\/image\/\"}}]}<\/script>\n<!-- \/ Yoast SEO plugin. -->","yoast_head_json":{"title":"Baja definitiva - Comisi\u00f3n de Agua y Saneamiento de Fortin","robots":{"index":"index","follow":"follow","max-snippet":"max-snippet:-1","max-image-preview":"max-image-preview:large","max-video-preview":"max-video-preview:-1"},"canonical":"https:\/\/casfortin.gob.mx\/index.php\/baja-definitiva\/","og_locale":"es_MX","og_type":"article","og_title":"Baja definitiva - Comisi\u00f3n de Agua y Saneamiento de Fortin","og_description":"Requisitos baja del servicio : Definitiva Inicio Baja del servicio 01.Suspensi\u00f3n Temporal del contrato Escrito elaborado por el titular del predio, dirigido a la Direcci\u00f3n General CASF, mencionando n\u00famero de contrato, nombre y direcci\u00f3n de usuario y los motivos por los cuales requiere la suspensi\u00f3n temporal. Cuando requiera del mismo se pagar\u00e1 el costo de [&hellip;]","og_url":"https:\/\/casfortin.gob.mx\/index.php\/baja-definitiva\/","og_site_name":"Comisi\u00f3n de Agua y Saneamiento de Fortin","article_modified_time":"2022-04-11T21:58:53+00:00","og_image":[{"url":"https:\/\/casfortin.gob.mx\/wp-content\/uploads\/2022\/03\/drinking-water-2021-09-02-21-45-49-utc-1024x683.jpg","type":"","width":"","height":""}],"twitter_card":"summary_large_image","twitter_misc":{"Tiempo de lectura":"1 minuto"},"schema":{"@context":"https:\/\/schema.org","@graph":[{"@type":"WebPage","@id":"https:\/\/casfortin.gob.mx\/index.php\/baja-definitiva\/","url":"https:\/\/casfortin.gob.mx\/index.php\/baja-definitiva\/","name":"Baja definitiva - Comisi\u00f3n de Agua y Saneamiento de Fortin","isPartOf":{"@id":"https:\/\/casfortin.gob.mx\/#website"},"primaryImageOfPage":{"@id":"https:\/\/casfortin.gob.mx\/index.php\/baja-definitiva\/#primaryimage"},"image":{"@id":"https:\/\/casfortin.gob.mx\/index.php\/baja-definitiva\/#primaryimage"},"thumbnailUrl":"https:\/\/casfortin.gob.mx\/wp-content\/uploads\/2022\/03\/drinking-water-2021-09-02-21-45-49-utc-1024x683.jpg","datePublished":"2022-03-18T16:54:41+00:00","dateModified":"2022-04-11T21:58:53+00:00","breadcrumb":{"@id":"https:\/\/casfortin.gob.mx\/index.php\/baja-definitiva\/#breadcrumb"},"inLanguage":"es","potentialAction":[{"@type":"ReadAction","target":["https:\/\/casfortin.gob.mx\/index.php\/baja-definitiva\/"]}]},{"@type":"ImageObject","inLanguage":"es","@id":"https:\/\/casfortin.gob.mx\/index.php\/baja-definitiva\/#primaryimage","url":"https:\/\/casfortin.gob.mx\/wp-content\/uploads\/2022\/03\/drinking-water-2021-09-02-21-45-49-utc-scaled.jpg","contentUrl":"https:\/\/casfortin.gob.mx\/wp-content\/uploads\/2022\/03\/drinking-water-2021-09-02-21-45-49-utc-scaled.jpg","width":2560,"height":1707,"caption":"Glass of drinking water on table in kitchen"},{"@type":"BreadcrumbList","@id":"https:\/\/casfortin.gob.mx\/index.php\/baja-definitiva\/#breadcrumb","itemListElement":[{"@type":"ListItem","position":1,"name":"Inicio","item":"https:\/\/casfortin.gob.mx\/"},{"@type":"ListItem","position":2,"name":"Baja definitiva"}]},{"@type":"WebSite","@id":"https:\/\/casfortin.gob.mx\/#website","url":"https:\/\/casfortin.gob.mx\/","name":"Comisi\u00f3n de Agua y Saneamiento de Fortin","description":"La Comisi\u00f3n de Agua y Saneamiento de Fort\u00edn es un organismo p\u00fablico descentralizado que surge por la necesidad de dotar al municipio de Fort\u00edn","publisher":{"@id":"https:\/\/casfortin.gob.mx\/#organization"},"potentialAction":[{"@type":"SearchAction","target":{"@type":"EntryPoint","urlTemplate":"https:\/\/casfortin.gob.mx\/?s={search_term_string}"},"query-input":{"@type":"PropertyValueSpecification","valueRequired":true,"valueName":"search_term_string"}}],"inLanguage":"es"},{"@type":"Organization","@id":"https:\/\/casfortin.gob.mx\/#organization","name":"Comisi\u00f3n de Agua y Saneamiento De Fort\u00edn","url":"https:\/\/casfortin.gob.mx\/","logo":{"@type":"ImageObject","inLanguage":"es","@id":"https:\/\/casfortin.gob.mx\/#\/schema\/logo\/image\/","url":"https:\/\/casfortin.gob.mx\/wp-content\/uploads\/2022\/02\/logo-02-1.png","contentUrl":"https:\/\/casfortin.gob.mx\/wp-content\/uploads\/2022\/02\/logo-02-1.png","width":657,"height":186,"caption":"Comisi\u00f3n de Agua y Saneamiento De Fort\u00edn"},"image":{"@id":"https:\/\/casfortin.gob.mx\/#\/schema\/logo\/image\/"}}]}},"_links":{"self":[{"href":"https:\/\/casfortin.gob.mx\/index.php\/wp-json\/wp\/v2\/pages\/1059","targetHints":{"allow":["GET"]}}],"collection":[{"href":"https:\/\/casfortin.gob.mx\/index.php\/wp-json\/wp\/v2\/pages"}],"about":[{"href":"https:\/\/casfortin.gob.mx\/index.php\/wp-json\/wp\/v2\/types\/page"}],"author":[{"embeddable":true,"href":"https:\/\/casfortin.gob.mx\/index.php\/wp-json\/wp\/v2\/users\/1"}],"replies":[{"embeddable":true,"href":"https:\/\/casfortin.gob.mx\/index.php\/wp-json\/wp\/v2\/comments?post=1059"}],"version-history":[{"count":13,"href":"https:\/\/casfortin.gob.mx\/index.php\/wp-json\/wp\/v2\/pages\/1059\/revisions"}],"predecessor-version":[{"id":1298,"href":"https:\/\/casfortin.gob.mx\/index.php\/wp-json\/wp\/v2\/pages\/1059\/revisions\/1298"}],"wp:attachment":[{"href":"https:\/\/casfortin.gob.mx\/index.php\/wp-json\/wp\/v2\/media?parent=1059"}],"curies":[{"name":"wp","href":"https:\/\/api.w.org\/{rel}","templated":true}]}}