{"id":429,"date":"2022-03-16T16:31:26","date_gmt":"2022-03-16T16:31:26","guid":{"rendered":"https:\/\/casfortin.gob.mx\/?page_id=429"},"modified":"2026-03-06T15:50:16","modified_gmt":"2026-03-06T21:50:16","slug":"conozca-su-recibo","status":"publish","type":"page","link":"https:\/\/casfortin.gob.mx\/index.php\/conozca-su-recibo\/","title":{"rendered":"Conozca su recibo"},"content":{"rendered":"\t\t<div data-elementor-type=\"wp-page\" data-elementor-id=\"429\" class=\"elementor elementor-429\">\n\t\t\t\t\t\t<section class=\"elementor-section elementor-top-section elementor-element elementor-element-15e6a8e5 elementor-section-boxed elementor-section-height-default elementor-section-height-default\" data-id=\"15e6a8e5\" data-element_type=\"section\" data-settings=\"{&quot;background_background&quot;:&quot;classic&quot;,&quot;ekit_has_onepagescroll_dot&quot;:&quot;yes&quot;}\">\n\t\t\t\t\t\t\t<div class=\"elementor-background-overlay\"><\/div>\n\t\t\t\t\t\t\t<div class=\"elementor-container elementor-column-gap-default\">\n\t\t\t\t\t<div class=\"elementor-column elementor-col-100 elementor-top-column elementor-element elementor-element-188c2ad3\" data-id=\"188c2ad3\" data-element_type=\"column\">\n\t\t\t<div class=\"elementor-widget-wrap elementor-element-populated\">\n\t\t\t\t\t\t<div class=\"elementor-element elementor-element-56d043cd elementor-widget elementor-widget-heading\" data-id=\"56d043cd\" data-element_type=\"widget\" data-settings=\"{&quot;ekit_we_effect_on&quot;:&quot;none&quot;}\" data-widget_type=\"heading.default\">\n\t\t\t\t<div class=\"elementor-widget-container\">\n\t\t\t\t\t<h2 class=\"elementor-heading-title elementor-size-default\">Conoce T\u00fa Notificaci\u00f3n de Cobro<\/h2>\t\t\t\t<\/div>\n\t\t\t\t<\/div>\n\t\t\t\t<div class=\"elementor-element elementor-element-5fabecb4 elementor-icon-list--layout-inline elementor-align-center elementor-list-item-link-full_width elementor-widget elementor-widget-icon-list\" data-id=\"5fabecb4\" data-element_type=\"widget\" data-settings=\"{&quot;ekit_we_effect_on&quot;:&quot;none&quot;}\" data-widget_type=\"icon-list.default\">\n\t\t\t\t<div class=\"elementor-widget-container\">\n\t\t\t\t\t\t\t<ul class=\"elementor-icon-list-items elementor-inline-items\">\n\t\t\t\t\t\t\t<li class=\"elementor-icon-list-item elementor-inline-item\">\n\t\t\t\t\t\t\t\t\t\t<span class=\"elementor-icon-list-text\">Inicio<\/span>\n\t\t\t\t\t\t\t\t\t<\/li>\n\t\t\t\t\t\t\t\t<li class=\"elementor-icon-list-item elementor-inline-item\">\n\t\t\t\t\t\t\t\t\t\t\t<span class=\"elementor-icon-list-icon\">\n\t\t\t\t\t\t\t<i aria-hidden=\"true\" class=\"fas fa-chevron-right\"><\/i>\t\t\t\t\t\t<\/span>\n\t\t\t\t\t\t\t\t\t\t<span class=\"elementor-icon-list-text\">Conoce t\u00fa Notificacion<\/span>\n\t\t\t\t\t\t\t\t\t<\/li>\n\t\t\t\t\t\t<\/ul>\n\t\t\t\t\t\t<\/div>\n\t\t\t\t<\/div>\n\t\t\t\t\t<\/div>\n\t\t<\/div>\n\t\t\t\t\t<\/div>\n\t\t<\/section>\n\t\t\t\t<section class=\"elementor-section elementor-top-section elementor-element elementor-element-500b9071 elementor-section-boxed elementor-section-height-default elementor-section-height-default\" data-id=\"500b9071\" data-element_type=\"section\" data-settings=\"{&quot;background_background&quot;:&quot;classic&quot;,&quot;ekit_has_onepagescroll_dot&quot;:&quot;yes&quot;}\">\n\t\t\t\t\t\t<div class=\"elementor-container elementor-column-gap-default\">\n\t\t\t\t\t<div class=\"elementor-column elementor-col-100 elementor-top-column elementor-element elementor-element-441ce17a\" data-id=\"441ce17a\" data-element_type=\"column\">\n\t\t\t<div class=\"elementor-widget-wrap elementor-element-populated\">\n\t\t\t\t\t\t<div class=\"elementor-element elementor-element-5d09de7b animated-slow elementor-invisible elementor-widget elementor-widget-heading\" data-id=\"5d09de7b\" data-element_type=\"widget\" data-settings=\"{&quot;_animation&quot;:&quot;fadeInLeft&quot;,&quot;ekit_we_effect_on&quot;:&quot;none&quot;}\" data-widget_type=\"heading.default\">\n\t\t\t\t<div class=\"elementor-widget-container\">\n\t\t\t\t\t<h5 class=\"elementor-heading-title elementor-size-default\">Recibo de CASF<\/h5>\t\t\t\t<\/div>\n\t\t\t\t<\/div>\n\t\t\t\t<div class=\"elementor-element elementor-element-282c9dd1 elementor-widget elementor-widget-heading\" data-id=\"282c9dd1\" data-element_type=\"widget\" data-settings=\"{&quot;ekit_we_effect_on&quot;:&quot;none&quot;}\" data-widget_type=\"heading.default\">\n\t\t\t\t<div class=\"elementor-widget-container\">\n\t\t\t\t\t<h2 class=\"elementor-heading-title elementor-size-default\">Conoce las partes de tu Notificaci\u00f3n de Cobro \nde Consumo.\n <\/h2>\t\t\t\t<\/div>\n\t\t\t\t<\/div>\n\t\t\t\t<div class=\"elementor-element elementor-element-d15f32e elementor-widget elementor-widget-text-editor\" data-id=\"d15f32e\" data-element_type=\"widget\" data-settings=\"{&quot;ekit_we_effect_on&quot;:&quot;none&quot;}\" data-widget_type=\"text-editor.default\">\n\t\t\t\t<div class=\"elementor-widget-container\">\n\t\t\t\t\t\t\t\t\t<p><strong><span style=\"color: #333333;\">Aqu\u00ed podr\u00e1s conocer como es que se conforma tu recibo, las partes que son relevantes y lo que debes de conocer y saber el porque de las cosas.<\/span><\/strong><\/p>\t\t\t\t\t\t\t\t<\/div>\n\t\t\t\t<\/div>\n\t\t\t\t<div class=\"elementor-element elementor-element-e87de67 elementor-invisible elementor-widget elementor-widget-image\" data-id=\"e87de67\" data-element_type=\"widget\" data-settings=\"{&quot;_animation&quot;:&quot;fadeInLeft&quot;,&quot;ekit_we_effect_on&quot;:&quot;none&quot;}\" data-widget_type=\"image.default\">\n\t\t\t\t<div class=\"elementor-widget-container\">\n\t\t\t\t\t\t\t\t\t\t\t\t\t\t\t<img fetchpriority=\"high\" decoding=\"async\" width=\"652\" height=\"871\" src=\"https:\/\/casfortin.gob.mx\/wp-content\/uploads\/2022\/04\/conoceturecibo.png\" class=\"attachment-2048x2048 size-2048x2048 wp-image-1215\" alt=\"\" srcset=\"https:\/\/casfortin.gob.mx\/wp-content\/uploads\/2022\/04\/conoceturecibo.png 652w, https:\/\/casfortin.gob.mx\/wp-content\/uploads\/2022\/04\/conoceturecibo-225x300.png 225w\" sizes=\"(max-width: 652px) 100vw, 652px\" \/>\t\t\t\t\t\t\t\t\t\t\t\t\t\t\t<\/div>\n\t\t\t\t<\/div>\n\t\t\t\t\t<\/div>\n\t\t<\/div>\n\t\t\t\t\t<\/div>\n\t\t<\/section>\n\t\t\t\t<section class=\"elementor-section elementor-top-section elementor-element elementor-element-406b6c15 elementor-section-boxed elementor-section-height-default elementor-section-height-default\" data-id=\"406b6c15\" data-element_type=\"section\" data-settings=\"{&quot;background_background&quot;:&quot;classic&quot;,&quot;ekit_has_onepagescroll_dot&quot;:&quot;yes&quot;}\">\n\t\t\t\t\t\t\t<div class=\"elementor-background-overlay\"><\/div>\n\t\t\t\t\t\t\t<div class=\"elementor-container elementor-column-gap-default\">\n\t\t\t\t\t<div class=\"elementor-column elementor-col-100 elementor-top-column elementor-element elementor-element-6ec23bfa\" data-id=\"6ec23bfa\" data-element_type=\"column\">\n\t\t\t<div class=\"elementor-widget-wrap elementor-element-populated\">\n\t\t\t\t\t\t<div class=\"elementor-element elementor-element-7b657c63 animated-slow elementor-hidden-desktop elementor-hidden-tablet elementor-hidden-mobile elementor-invisible elementor-widget elementor-widget-jkit_video_button\" data-id=\"7b657c63\" data-element_type=\"widget\" data-settings=\"{&quot;_animation&quot;:&quot;fadeInUp&quot;,&quot;_animation_delay&quot;:10,&quot;ekit_we_effect_on&quot;:&quot;none&quot;}\" data-widget_type=\"jkit_video_button.default\">\n\t\t\t\t<div class=\"elementor-widget-container\">\n\t\t\t\t\t<div  class=\"jeg-elementor-kit jkit-video-button jeg_module___6a0951459c51f\"  data-autoplay=\"0\" data-loop=\"0\" data-controls=\"0\" data-type=\"youtube\" data-mute=\"0\" data-start=\"0\" data-end=\"0\"><a href=\"https:\/\/www.youtube.com\/watch?v=MLpWrANjFbI\" class=\"jkit-video-popup-btn glow-enable\" aria-label=\"video-button\"><span class=\"icon-position-before\"><i aria-hidden=\"true\" class=\"jki jki-play1-light\"><\/i><\/span><\/a><\/div>\t\t\t\t<\/div>\n\t\t\t\t<\/div>\n\t\t\t\t<div class=\"elementor-element elementor-element-4cc3784c elementor-widget elementor-widget-heading\" data-id=\"4cc3784c\" data-element_type=\"widget\" data-settings=\"{&quot;ekit_we_effect_on&quot;:&quot;none&quot;}\" data-widget_type=\"heading.default\">\n\t\t\t\t<div class=\"elementor-widget-container\">\n\t\t\t\t\t<h2 class=\"elementor-heading-title elementor-size-default\">\u00bfTienes dudas?<\/h2>\t\t\t\t<\/div>\n\t\t\t\t<\/div>\n\t\t\t\t<div class=\"elementor-element elementor-element-385d6398 elementor-widget elementor-widget-text-editor\" data-id=\"385d6398\" data-element_type=\"widget\" data-settings=\"{&quot;ekit_we_effect_on&quot;:&quot;none&quot;}\" data-widget_type=\"text-editor.default\">\n\t\t\t\t<div class=\"elementor-widget-container\">\n\t\t\t\t\t\t\t\t\t<p><strong>Con respecto a la informaci\u00f3n de como se conforma tu recibo as\u00ed como notificaciones si tienes dudas o no esta claro cono se conforma su estructura, puedes ponerte en contacto para as\u00ed ayudarte a solucionar tus problematicas.<\/strong><\/p>\t\t\t\t\t\t\t\t<\/div>\n\t\t\t\t<\/div>\n\t\t\t\t<div class=\"elementor-element elementor-element-14b98eec elementor-align-center elementor-mobile-align-center elementor-widget elementor-widget-button\" data-id=\"14b98eec\" data-element_type=\"widget\" data-settings=\"{&quot;ekit_we_effect_on&quot;:&quot;none&quot;}\" data-widget_type=\"button.default\">\n\t\t\t\t<div class=\"elementor-widget-container\">\n\t\t\t\t\t\t\t\t\t<div class=\"elementor-button-wrapper\">\n\t\t\t\t\t<a class=\"elementor-button elementor-button-link elementor-size-sm\" href=\"https:\/\/casfortin.gob.mx\/index.php\/contacto\/\">\n\t\t\t\t\t\t<span class=\"elementor-button-content-wrapper\">\n\t\t\t\t\t\t\t\t\t<span class=\"elementor-button-text\">Contacto<\/span>\n\t\t\t\t\t<\/span>\n\t\t\t\t\t<\/a>\n\t\t\t\t<\/div>\n\t\t\t\t\t\t\t\t<\/div>\n\t\t\t\t<\/div>\n\t\t\t\t\t<\/div>\n\t\t<\/div>\n\t\t\t\t\t<\/div>\n\t\t<\/section>\n\t\t\t\t<section class=\"elementor-section elementor-top-section elementor-element elementor-element-8afbf0a elementor-section-boxed elementor-section-height-default elementor-section-height-default\" data-id=\"8afbf0a\" data-element_type=\"section\" data-settings=\"{&quot;background_background&quot;:&quot;classic&quot;,&quot;ekit_has_onepagescroll_dot&quot;:&quot;yes&quot;}\">\n\t\t\t\t\t\t<div class=\"elementor-container elementor-column-gap-default\">\n\t\t\t\t\t<div class=\"elementor-column elementor-col-100 elementor-top-column elementor-element elementor-element-ac7c707\" data-id=\"ac7c707\" data-element_type=\"column\">\n\t\t\t<div class=\"elementor-widget-wrap elementor-element-populated\">\n\t\t\t\t\t\t<div class=\"elementor-element elementor-element-4426d4c animated-slow elementor-invisible elementor-widget elementor-widget-heading\" data-id=\"4426d4c\" data-element_type=\"widget\" data-settings=\"{&quot;_animation&quot;:&quot;fadeInLeft&quot;,&quot;ekit_we_effect_on&quot;:&quot;none&quot;}\" data-widget_type=\"heading.default\">\n\t\t\t\t<div class=\"elementor-widget-container\">\n\t\t\t\t\t<h5 class=\"elementor-heading-title elementor-size-default\">Informaci\u00f3n de CASF<\/h5>\t\t\t\t<\/div>\n\t\t\t\t<\/div>\n\t\t\t\t<div class=\"elementor-element elementor-element-798cb32 elementor-widget elementor-widget-heading\" data-id=\"798cb32\" data-element_type=\"widget\" data-settings=\"{&quot;ekit_we_effect_on&quot;:&quot;none&quot;}\" data-widget_type=\"heading.default\">\n\t\t\t\t<div class=\"elementor-widget-container\">\n\t\t\t\t\t<h2 class=\"elementor-heading-title elementor-size-default\">Notificaci\u00f3n <\/h2>\t\t\t\t<\/div>\n\t\t\t\t<\/div>\n\t\t\t\t<div class=\"elementor-element elementor-element-414140f elementor-widget elementor-widget-text-editor\" data-id=\"414140f\" data-element_type=\"widget\" data-settings=\"{&quot;ekit_we_effect_on&quot;:&quot;none&quot;}\" data-widget_type=\"text-editor.default\">\n\t\t\t\t<div class=\"elementor-widget-container\">\n\t\t\t\t\t\t\t\t\t<p><strong>Al igual la parte de notificaciones es importante debido a que existen partes que son relevantes y pueden ser de tu inter\u00e9s, por eso es de igual importancia que las conozcas.\u00a0<\/strong><\/p>\t\t\t\t\t\t\t\t<\/div>\n\t\t\t\t<\/div>\n\t\t\t\t<div class=\"elementor-element elementor-element-418a36f elementor-invisible elementor-widget elementor-widget-image\" data-id=\"418a36f\" data-element_type=\"widget\" data-settings=\"{&quot;_animation&quot;:&quot;fadeInLeft&quot;,&quot;ekit_we_effect_on&quot;:&quot;none&quot;}\" data-widget_type=\"image.default\">\n\t\t\t\t<div class=\"elementor-widget-container\">\n\t\t\t\t\t\t\t\t\t\t\t\t\t\t\t<img decoding=\"async\" width=\"800\" height=\"857\" src=\"https:\/\/casfortin.gob.mx\/wp-content\/uploads\/2022\/03\/notificacion-956x1024.png\" class=\"attachment-large size-large wp-image-447\" alt=\"\" srcset=\"https:\/\/casfortin.gob.mx\/wp-content\/uploads\/2022\/03\/notificacion-956x1024.png 956w, https:\/\/casfortin.gob.mx\/wp-content\/uploads\/2022\/03\/notificacion-280x300.png 280w, https:\/\/casfortin.gob.mx\/wp-content\/uploads\/2022\/03\/notificacion-768x823.png 768w, https:\/\/casfortin.gob.mx\/wp-content\/uploads\/2022\/03\/notificacion-1434x1536.png 1434w, https:\/\/casfortin.gob.mx\/wp-content\/uploads\/2022\/03\/notificacion.png 1444w\" sizes=\"(max-width: 800px) 100vw, 800px\" \/>\t\t\t\t\t\t\t\t\t\t\t\t\t\t\t<\/div>\n\t\t\t\t<\/div>\n\t\t\t\t\t<\/div>\n\t\t<\/div>\n\t\t\t\t\t<\/div>\n\t\t<\/section>\n\t\t\t\t<\/div>\n\t\t","protected":false},"excerpt":{"rendered":"<p>Conoce T\u00fa Notificaci\u00f3n de Cobro Inicio Conoce t\u00fa Notificacion Recibo de CASF Conoce las partes de tu Notificaci\u00f3n de Cobro de Consumo. Aqu\u00ed podr\u00e1s conocer como es que se conforma tu recibo, las partes que son relevantes y lo que debes de conocer y saber el porque de las cosas. \u00bfTienes dudas? Con respecto a [&hellip;]<\/p>\n","protected":false},"author":1,"featured_media":0,"parent":0,"menu_order":0,"comment_status":"closed","ping_status":"closed","template":"elementor_header_footer","meta":{"footnotes":""},"class_list":["post-429","page","type-page","status-publish","hentry"],"yoast_head":"<!-- This site is optimized with the Yoast SEO plugin v24.3 - https:\/\/yoast.com\/wordpress\/plugins\/seo\/ -->\n<title>Conozca su recibo - Comisi\u00f3n de Agua y Saneamiento de Fortin<\/title>\n<meta name=\"robots\" content=\"index, follow, max-snippet:-1, max-image-preview:large, max-video-preview:-1\" \/>\n<link rel=\"canonical\" href=\"https:\/\/casfortin.gob.mx\/index.php\/conozca-su-recibo\/\" \/>\n<meta property=\"og:locale\" content=\"es_MX\" \/>\n<meta property=\"og:type\" content=\"article\" \/>\n<meta property=\"og:title\" content=\"Conozca su recibo - Comisi\u00f3n de Agua y Saneamiento de Fortin\" \/>\n<meta property=\"og:description\" content=\"Conoce T\u00fa Notificaci\u00f3n de Cobro Inicio Conoce t\u00fa Notificacion Recibo de CASF Conoce las partes de tu Notificaci\u00f3n de Cobro de Consumo. Aqu\u00ed podr\u00e1s conocer como es que se conforma tu recibo, las partes que son relevantes y lo que debes de conocer y saber el porque de las cosas. \u00bfTienes dudas? Con respecto a [&hellip;]\" \/>\n<meta property=\"og:url\" content=\"https:\/\/casfortin.gob.mx\/index.php\/conozca-su-recibo\/\" \/>\n<meta property=\"og:site_name\" content=\"Comisi\u00f3n de Agua y Saneamiento de Fortin\" \/>\n<meta property=\"article:modified_time\" content=\"2026-03-06T21:50:16+00:00\" \/>\n<meta property=\"og:image\" content=\"https:\/\/casfortin.gob.mx\/wp-content\/uploads\/2022\/04\/conoceturecibo.png\" \/>\n\t<meta property=\"og:image:width\" content=\"652\" \/>\n\t<meta property=\"og:image:height\" content=\"871\" \/>\n\t<meta property=\"og:image:type\" content=\"image\/png\" \/>\n<meta name=\"twitter:card\" content=\"summary_large_image\" \/>\n<meta name=\"twitter:label1\" content=\"Tiempo de lectura\" \/>\n\t<meta name=\"twitter:data1\" content=\"1 minuto\" \/>\n<script type=\"application\/ld+json\" class=\"yoast-schema-graph\">{\"@context\":\"https:\/\/schema.org\",\"@graph\":[{\"@type\":\"WebPage\",\"@id\":\"https:\/\/casfortin.gob.mx\/index.php\/conozca-su-recibo\/\",\"url\":\"https:\/\/casfortin.gob.mx\/index.php\/conozca-su-recibo\/\",\"name\":\"Conozca su recibo - Comisi\u00f3n de Agua y Saneamiento de Fortin\",\"isPartOf\":{\"@id\":\"https:\/\/casfortin.gob.mx\/#website\"},\"primaryImageOfPage\":{\"@id\":\"https:\/\/casfortin.gob.mx\/index.php\/conozca-su-recibo\/#primaryimage\"},\"image\":{\"@id\":\"https:\/\/casfortin.gob.mx\/index.php\/conozca-su-recibo\/#primaryimage\"},\"thumbnailUrl\":\"https:\/\/casfortin.gob.mx\/wp-content\/uploads\/2022\/04\/conoceturecibo.png\",\"datePublished\":\"2022-03-16T16:31:26+00:00\",\"dateModified\":\"2026-03-06T21:50:16+00:00\",\"breadcrumb\":{\"@id\":\"https:\/\/casfortin.gob.mx\/index.php\/conozca-su-recibo\/#breadcrumb\"},\"inLanguage\":\"es\",\"potentialAction\":[{\"@type\":\"ReadAction\",\"target\":[\"https:\/\/casfortin.gob.mx\/index.php\/conozca-su-recibo\/\"]}]},{\"@type\":\"ImageObject\",\"inLanguage\":\"es\",\"@id\":\"https:\/\/casfortin.gob.mx\/index.php\/conozca-su-recibo\/#primaryimage\",\"url\":\"https:\/\/casfortin.gob.mx\/wp-content\/uploads\/2022\/04\/conoceturecibo.png\",\"contentUrl\":\"https:\/\/casfortin.gob.mx\/wp-content\/uploads\/2022\/04\/conoceturecibo.png\",\"width\":652,\"height\":871},{\"@type\":\"BreadcrumbList\",\"@id\":\"https:\/\/casfortin.gob.mx\/index.php\/conozca-su-recibo\/#breadcrumb\",\"itemListElement\":[{\"@type\":\"ListItem\",\"position\":1,\"name\":\"Inicio\",\"item\":\"https:\/\/casfortin.gob.mx\/\"},{\"@type\":\"ListItem\",\"position\":2,\"name\":\"Conozca su recibo\"}]},{\"@type\":\"WebSite\",\"@id\":\"https:\/\/casfortin.gob.mx\/#website\",\"url\":\"https:\/\/casfortin.gob.mx\/\",\"name\":\"Comisi\u00f3n de Agua y Saneamiento de Fortin\",\"description\":\"La Comisi\u00f3n de Agua y Saneamiento de Fort\u00edn es un organismo p\u00fablico descentralizado que surge por la necesidad de dotar al municipio de Fort\u00edn\",\"publisher\":{\"@id\":\"https:\/\/casfortin.gob.mx\/#organization\"},\"potentialAction\":[{\"@type\":\"SearchAction\",\"target\":{\"@type\":\"EntryPoint\",\"urlTemplate\":\"https:\/\/casfortin.gob.mx\/?s={search_term_string}\"},\"query-input\":{\"@type\":\"PropertyValueSpecification\",\"valueRequired\":true,\"valueName\":\"search_term_string\"}}],\"inLanguage\":\"es\"},{\"@type\":\"Organization\",\"@id\":\"https:\/\/casfortin.gob.mx\/#organization\",\"name\":\"Comisi\u00f3n de Agua y Saneamiento De Fort\u00edn\",\"url\":\"https:\/\/casfortin.gob.mx\/\",\"logo\":{\"@type\":\"ImageObject\",\"inLanguage\":\"es\",\"@id\":\"https:\/\/casfortin.gob.mx\/#\/schema\/logo\/image\/\",\"url\":\"https:\/\/casfortin.gob.mx\/wp-content\/uploads\/2022\/02\/logo-02-1.png\",\"contentUrl\":\"https:\/\/casfortin.gob.mx\/wp-content\/uploads\/2022\/02\/logo-02-1.png\",\"width\":657,\"height\":186,\"caption\":\"Comisi\u00f3n de Agua y Saneamiento De Fort\u00edn\"},\"image\":{\"@id\":\"https:\/\/casfortin.gob.mx\/#\/schema\/logo\/image\/\"}}]}<\/script>\n<!-- \/ Yoast SEO plugin. -->","yoast_head_json":{"title":"Conozca su recibo - Comisi\u00f3n de Agua y Saneamiento de Fortin","robots":{"index":"index","follow":"follow","max-snippet":"max-snippet:-1","max-image-preview":"max-image-preview:large","max-video-preview":"max-video-preview:-1"},"canonical":"https:\/\/casfortin.gob.mx\/index.php\/conozca-su-recibo\/","og_locale":"es_MX","og_type":"article","og_title":"Conozca su recibo - Comisi\u00f3n de Agua y Saneamiento de Fortin","og_description":"Conoce T\u00fa Notificaci\u00f3n de Cobro Inicio Conoce t\u00fa Notificacion Recibo de CASF Conoce las partes de tu Notificaci\u00f3n de Cobro de Consumo. Aqu\u00ed podr\u00e1s conocer como es que se conforma tu recibo, las partes que son relevantes y lo que debes de conocer y saber el porque de las cosas. \u00bfTienes dudas? Con respecto a [&hellip;]","og_url":"https:\/\/casfortin.gob.mx\/index.php\/conozca-su-recibo\/","og_site_name":"Comisi\u00f3n de Agua y Saneamiento de Fortin","article_modified_time":"2026-03-06T21:50:16+00:00","og_image":[{"width":652,"height":871,"url":"https:\/\/casfortin.gob.mx\/wp-content\/uploads\/2022\/04\/conoceturecibo.png","type":"image\/png"}],"twitter_card":"summary_large_image","twitter_misc":{"Tiempo de lectura":"1 minuto"},"schema":{"@context":"https:\/\/schema.org","@graph":[{"@type":"WebPage","@id":"https:\/\/casfortin.gob.mx\/index.php\/conozca-su-recibo\/","url":"https:\/\/casfortin.gob.mx\/index.php\/conozca-su-recibo\/","name":"Conozca su recibo - Comisi\u00f3n de Agua y Saneamiento de Fortin","isPartOf":{"@id":"https:\/\/casfortin.gob.mx\/#website"},"primaryImageOfPage":{"@id":"https:\/\/casfortin.gob.mx\/index.php\/conozca-su-recibo\/#primaryimage"},"image":{"@id":"https:\/\/casfortin.gob.mx\/index.php\/conozca-su-recibo\/#primaryimage"},"thumbnailUrl":"https:\/\/casfortin.gob.mx\/wp-content\/uploads\/2022\/04\/conoceturecibo.png","datePublished":"2022-03-16T16:31:26+00:00","dateModified":"2026-03-06T21:50:16+00:00","breadcrumb":{"@id":"https:\/\/casfortin.gob.mx\/index.php\/conozca-su-recibo\/#breadcrumb"},"inLanguage":"es","potentialAction":[{"@type":"ReadAction","target":["https:\/\/casfortin.gob.mx\/index.php\/conozca-su-recibo\/"]}]},{"@type":"ImageObject","inLanguage":"es","@id":"https:\/\/casfortin.gob.mx\/index.php\/conozca-su-recibo\/#primaryimage","url":"https:\/\/casfortin.gob.mx\/wp-content\/uploads\/2022\/04\/conoceturecibo.png","contentUrl":"https:\/\/casfortin.gob.mx\/wp-content\/uploads\/2022\/04\/conoceturecibo.png","width":652,"height":871},{"@type":"BreadcrumbList","@id":"https:\/\/casfortin.gob.mx\/index.php\/conozca-su-recibo\/#breadcrumb","itemListElement":[{"@type":"ListItem","position":1,"name":"Inicio","item":"https:\/\/casfortin.gob.mx\/"},{"@type":"ListItem","position":2,"name":"Conozca su recibo"}]},{"@type":"WebSite","@id":"https:\/\/casfortin.gob.mx\/#website","url":"https:\/\/casfortin.gob.mx\/","name":"Comisi\u00f3n de Agua y Saneamiento de Fortin","description":"La Comisi\u00f3n de Agua y Saneamiento de Fort\u00edn es un organismo p\u00fablico descentralizado que surge por la necesidad de dotar al municipio de Fort\u00edn","publisher":{"@id":"https:\/\/casfortin.gob.mx\/#organization"},"potentialAction":[{"@type":"SearchAction","target":{"@type":"EntryPoint","urlTemplate":"https:\/\/casfortin.gob.mx\/?s={search_term_string}"},"query-input":{"@type":"PropertyValueSpecification","valueRequired":true,"valueName":"search_term_string"}}],"inLanguage":"es"},{"@type":"Organization","@id":"https:\/\/casfortin.gob.mx\/#organization","name":"Comisi\u00f3n de Agua y Saneamiento De Fort\u00edn","url":"https:\/\/casfortin.gob.mx\/","logo":{"@type":"ImageObject","inLanguage":"es","@id":"https:\/\/casfortin.gob.mx\/#\/schema\/logo\/image\/","url":"https:\/\/casfortin.gob.mx\/wp-content\/uploads\/2022\/02\/logo-02-1.png","contentUrl":"https:\/\/casfortin.gob.mx\/wp-content\/uploads\/2022\/02\/logo-02-1.png","width":657,"height":186,"caption":"Comisi\u00f3n de Agua y Saneamiento De Fort\u00edn"},"image":{"@id":"https:\/\/casfortin.gob.mx\/#\/schema\/logo\/image\/"}}]}},"_links":{"self":[{"href":"https:\/\/casfortin.gob.mx\/index.php\/wp-json\/wp\/v2\/pages\/429","targetHints":{"allow":["GET"]}}],"collection":[{"href":"https:\/\/casfortin.gob.mx\/index.php\/wp-json\/wp\/v2\/pages"}],"about":[{"href":"https:\/\/casfortin.gob.mx\/index.php\/wp-json\/wp\/v2\/types\/page"}],"author":[{"embeddable":true,"href":"https:\/\/casfortin.gob.mx\/index.php\/wp-json\/wp\/v2\/users\/1"}],"replies":[{"embeddable":true,"href":"https:\/\/casfortin.gob.mx\/index.php\/wp-json\/wp\/v2\/comments?post=429"}],"version-history":[{"count":31,"href":"https:\/\/casfortin.gob.mx\/index.php\/wp-json\/wp\/v2\/pages\/429\/revisions"}],"predecessor-version":[{"id":9615,"href":"https:\/\/casfortin.gob.mx\/index.php\/wp-json\/wp\/v2\/pages\/429\/revisions\/9615"}],"wp:attachment":[{"href":"https:\/\/casfortin.gob.mx\/index.php\/wp-json\/wp\/v2\/media?parent=429"}],"curies":[{"name":"wp","href":"https:\/\/api.w.org\/{rel}","templated":true}]}}