{"id":739,"date":"2022-03-17T19:02:42","date_gmt":"2022-03-17T19:02:42","guid":{"rendered":"https:\/\/casfortin.gob.mx\/?page_id=739"},"modified":"2023-06-05T10:23:25","modified_gmt":"2023-06-05T16:23:25","slug":"sistema-de-datos-personales","status":"publish","type":"page","link":"https:\/\/casfortin.gob.mx\/index.php\/sistema-de-datos-personales\/","title":{"rendered":"Sistema de datos personales"},"content":{"rendered":"\t\t<div data-elementor-type=\"wp-page\" data-elementor-id=\"739\" class=\"elementor elementor-739\">\n\t\t\t\t\t\t<section class=\"elementor-section elementor-top-section elementor-element elementor-element-4b644bbd elementor-section-boxed elementor-section-height-default elementor-section-height-default\" data-id=\"4b644bbd\" data-element_type=\"section\" data-settings=\"{&quot;background_background&quot;:&quot;classic&quot;,&quot;ekit_has_onepagescroll_dot&quot;:&quot;yes&quot;}\">\n\t\t\t\t\t\t\t<div class=\"elementor-background-overlay\"><\/div>\n\t\t\t\t\t\t\t<div class=\"elementor-container elementor-column-gap-default\">\n\t\t\t\t\t<div class=\"elementor-column elementor-col-100 elementor-top-column elementor-element elementor-element-a95cfb2\" data-id=\"a95cfb2\" data-element_type=\"column\">\n\t\t\t<div class=\"elementor-widget-wrap elementor-element-populated\">\n\t\t\t\t\t\t<div class=\"elementor-element elementor-element-7bc3d32e elementor-widget elementor-widget-heading\" data-id=\"7bc3d32e\" data-element_type=\"widget\" data-settings=\"{&quot;ekit_we_effect_on&quot;:&quot;none&quot;}\" data-widget_type=\"heading.default\">\n\t\t\t\t<div class=\"elementor-widget-container\">\n\t\t\t\t\t<h2 class=\"elementor-heading-title elementor-size-default\">Datos personales<\/h2>\t\t\t\t<\/div>\n\t\t\t\t<\/div>\n\t\t\t\t\t<\/div>\n\t\t<\/div>\n\t\t\t\t\t<\/div>\n\t\t<\/section>\n\t\t\t\t<section class=\"elementor-section elementor-top-section elementor-element elementor-element-3d22a43e elementor-section-boxed elementor-section-height-default elementor-section-height-default\" data-id=\"3d22a43e\" data-element_type=\"section\" data-settings=\"{&quot;background_background&quot;:&quot;classic&quot;,&quot;ekit_has_onepagescroll_dot&quot;:&quot;yes&quot;}\">\n\t\t\t\t\t\t<div class=\"elementor-container elementor-column-gap-default\">\n\t\t\t\t\t<div class=\"elementor-column elementor-col-100 elementor-top-column elementor-element elementor-element-6daa41f4\" data-id=\"6daa41f4\" data-element_type=\"column\">\n\t\t\t<div class=\"elementor-widget-wrap elementor-element-populated\">\n\t\t\t\t\t\t<div class=\"elementor-element elementor-element-2dc81eb8 animated-slow elementor-invisible elementor-widget elementor-widget-heading\" data-id=\"2dc81eb8\" data-element_type=\"widget\" data-settings=\"{&quot;_animation&quot;:&quot;fadeInLeft&quot;,&quot;ekit_we_effect_on&quot;:&quot;none&quot;}\" data-widget_type=\"heading.default\">\n\t\t\t\t<div class=\"elementor-widget-container\">\n\t\t\t\t\t<h5 class=\"elementor-heading-title elementor-size-default\">Comisi\u00f3n de Agua y Saneamiento de Fort\u00edn <\/h5>\t\t\t\t<\/div>\n\t\t\t\t<\/div>\n\t\t\t\t<div class=\"elementor-element elementor-element-48c921f elementor-widget elementor-widget-heading\" data-id=\"48c921f\" data-element_type=\"widget\" data-settings=\"{&quot;ekit_we_effect_on&quot;:&quot;none&quot;}\" data-widget_type=\"heading.default\">\n\t\t\t\t<div class=\"elementor-widget-container\">\n\t\t\t\t\t<h2 class=\"elementor-heading-title elementor-size-default\">Juntos por la Transformaci\u00f3n<\/h2>\t\t\t\t<\/div>\n\t\t\t\t<\/div>\n\t\t\t\t<section class=\"elementor-section elementor-inner-section elementor-element elementor-element-4a8431a8 elementor-section-boxed elementor-section-height-default elementor-section-height-default\" data-id=\"4a8431a8\" data-element_type=\"section\" data-settings=\"{&quot;ekit_has_onepagescroll_dot&quot;:&quot;yes&quot;}\">\n\t\t\t\t\t\t<div class=\"elementor-container elementor-column-gap-default\">\n\t\t\t\t\t<div class=\"elementor-column elementor-col-50 elementor-inner-column elementor-element elementor-element-8e6ab5c\" data-id=\"8e6ab5c\" data-element_type=\"column\">\n\t\t\t<div class=\"elementor-widget-wrap elementor-element-populated\">\n\t\t\t\t\t\t<div class=\"elementor-element elementor-element-2f02f82d elementor-view-default elementor-widget elementor-widget-icon\" data-id=\"2f02f82d\" data-element_type=\"widget\" data-settings=\"{&quot;ekit_we_effect_on&quot;:&quot;none&quot;}\" data-widget_type=\"icon.default\">\n\t\t\t\t<div class=\"elementor-widget-container\">\n\t\t\t\t\t\t\t<div class=\"elementor-icon-wrapper\">\n\t\t\t<div class=\"elementor-icon elementor-animation-grow\">\n\t\t\t<i aria-hidden=\"true\" class=\"fas fa-book\"><\/i>\t\t\t<\/div>\n\t\t<\/div>\n\t\t\t\t\t\t<\/div>\n\t\t\t\t<\/div>\n\t\t\t\t\t<\/div>\n\t\t<\/div>\n\t\t\t\t<div class=\"elementor-column elementor-col-50 elementor-inner-column elementor-element elementor-element-409ba073\" data-id=\"409ba073\" data-element_type=\"column\">\n\t\t\t<div class=\"elementor-widget-wrap elementor-element-populated\">\n\t\t\t\t\t\t<div class=\"elementor-element elementor-element-61e6c49c elementor-widget elementor-widget-heading\" data-id=\"61e6c49c\" data-element_type=\"widget\" data-settings=\"{&quot;ekit_we_effect_on&quot;:&quot;none&quot;}\" data-widget_type=\"heading.default\">\n\t\t\t\t<div class=\"elementor-widget-container\">\n\t\t\t\t\t<h2 class=\"elementor-heading-title elementor-size-default\"><a href=\"https:\/\/drive.google.com\/file\/d\/1HmmhnFd38OFFN-hEqbnM6nllTCTUDsOX\/view?usp=sharing\" target=\"_blank\">Declaraci\u00f3nes patrimoniales<\/a><\/h2>\t\t\t\t<\/div>\n\t\t\t\t<\/div>\n\t\t\t\t\t<\/div>\n\t\t<\/div>\n\t\t\t\t\t<\/div>\n\t\t<\/section>\n\t\t\t\t<section class=\"elementor-section elementor-inner-section elementor-element elementor-element-241f0e24 elementor-section-boxed elementor-section-height-default elementor-section-height-default\" data-id=\"241f0e24\" data-element_type=\"section\" data-settings=\"{&quot;ekit_has_onepagescroll_dot&quot;:&quot;yes&quot;}\">\n\t\t\t\t\t\t<div class=\"elementor-container elementor-column-gap-default\">\n\t\t\t\t\t<div class=\"elementor-column elementor-col-50 elementor-inner-column elementor-element elementor-element-296bd7ad\" data-id=\"296bd7ad\" data-element_type=\"column\">\n\t\t\t<div class=\"elementor-widget-wrap elementor-element-populated\">\n\t\t\t\t\t\t<div class=\"elementor-element elementor-element-2a37736 elementor-view-default elementor-widget elementor-widget-icon\" data-id=\"2a37736\" data-element_type=\"widget\" data-settings=\"{&quot;ekit_we_effect_on&quot;:&quot;none&quot;}\" data-widget_type=\"icon.default\">\n\t\t\t\t<div class=\"elementor-widget-container\">\n\t\t\t\t\t\t\t<div class=\"elementor-icon-wrapper\">\n\t\t\t<div class=\"elementor-icon elementor-animation-grow\">\n\t\t\t<i aria-hidden=\"true\" class=\"fas fa-book\"><\/i>\t\t\t<\/div>\n\t\t<\/div>\n\t\t\t\t\t\t<\/div>\n\t\t\t\t<\/div>\n\t\t\t\t\t<\/div>\n\t\t<\/div>\n\t\t\t\t<div class=\"elementor-column elementor-col-50 elementor-inner-column elementor-element elementor-element-43e12995\" data-id=\"43e12995\" data-element_type=\"column\">\n\t\t\t<div class=\"elementor-widget-wrap elementor-element-populated\">\n\t\t\t\t\t\t<div class=\"elementor-element elementor-element-23319afb elementor-widget elementor-widget-heading\" data-id=\"23319afb\" data-element_type=\"widget\" data-settings=\"{&quot;ekit_we_effect_on&quot;:&quot;none&quot;}\" data-widget_type=\"heading.default\">\n\t\t\t\t<div class=\"elementor-widget-container\">\n\t\t\t\t\t<h2 class=\"elementor-heading-title elementor-size-default\"><a href=\"https:\/\/drive.google.com\/file\/d\/1HdHEUVE15QdauM0-iKYqg8GR1NchzZhk\/view?usp=sharing\" target=\"_blank\">Padr\u00f3n de contratistas y proveedores<\/a><\/a><\/h2>\t\t\t\t<\/div>\n\t\t\t\t<\/div>\n\t\t\t\t\t<\/div>\n\t\t<\/div>\n\t\t\t\t\t<\/div>\n\t\t<\/section>\n\t\t\t\t<section class=\"elementor-section elementor-inner-section elementor-element elementor-element-c0e710c elementor-section-boxed elementor-section-height-default elementor-section-height-default\" data-id=\"c0e710c\" data-element_type=\"section\" data-settings=\"{&quot;ekit_has_onepagescroll_dot&quot;:&quot;yes&quot;}\">\n\t\t\t\t\t\t<div class=\"elementor-container elementor-column-gap-default\">\n\t\t\t\t\t<div class=\"elementor-column elementor-col-50 elementor-inner-column elementor-element elementor-element-69854a8c\" data-id=\"69854a8c\" data-element_type=\"column\">\n\t\t\t<div class=\"elementor-widget-wrap elementor-element-populated\">\n\t\t\t\t\t\t<div class=\"elementor-element elementor-element-61780ce4 elementor-view-default elementor-widget elementor-widget-icon\" data-id=\"61780ce4\" data-element_type=\"widget\" data-settings=\"{&quot;ekit_we_effect_on&quot;:&quot;none&quot;}\" data-widget_type=\"icon.default\">\n\t\t\t\t<div class=\"elementor-widget-container\">\n\t\t\t\t\t\t\t<div class=\"elementor-icon-wrapper\">\n\t\t\t<div class=\"elementor-icon elementor-animation-grow\">\n\t\t\t<i aria-hidden=\"true\" class=\"fas fa-book\"><\/i>\t\t\t<\/div>\n\t\t<\/div>\n\t\t\t\t\t\t<\/div>\n\t\t\t\t<\/div>\n\t\t\t\t\t<\/div>\n\t\t<\/div>\n\t\t\t\t<div class=\"elementor-column elementor-col-50 elementor-inner-column elementor-element elementor-element-217caf4b\" data-id=\"217caf4b\" data-element_type=\"column\">\n\t\t\t<div class=\"elementor-widget-wrap elementor-element-populated\">\n\t\t\t\t\t\t<div class=\"elementor-element elementor-element-43cb3e00 elementor-widget elementor-widget-heading\" data-id=\"43cb3e00\" data-element_type=\"widget\" data-settings=\"{&quot;ekit_we_effect_on&quot;:&quot;none&quot;}\" data-widget_type=\"heading.default\">\n\t\t\t\t<div class=\"elementor-widget-container\">\n\t\t\t\t\t<h2 class=\"elementor-heading-title elementor-size-default\"><a href=\"https:\/\/drive.google.com\/file\/d\/1HNpkhQRf3AldvpQREe_dLNGHeesJhOQT\/view?usp=sharing\" target=\"_blank\">Padr\u00f3n de usuarios<\/a><\/h2>\t\t\t\t<\/div>\n\t\t\t\t<\/div>\n\t\t\t\t\t<\/div>\n\t\t<\/div>\n\t\t\t\t\t<\/div>\n\t\t<\/section>\n\t\t\t\t<section class=\"elementor-section elementor-inner-section elementor-element elementor-element-4a505a7d elementor-section-boxed elementor-section-height-default elementor-section-height-default\" data-id=\"4a505a7d\" data-element_type=\"section\" data-settings=\"{&quot;ekit_has_onepagescroll_dot&quot;:&quot;yes&quot;}\">\n\t\t\t\t\t\t<div class=\"elementor-container elementor-column-gap-default\">\n\t\t\t\t\t<div class=\"elementor-column elementor-col-50 elementor-inner-column elementor-element elementor-element-5f2528f9\" data-id=\"5f2528f9\" data-element_type=\"column\">\n\t\t\t<div class=\"elementor-widget-wrap elementor-element-populated\">\n\t\t\t\t\t\t<div class=\"elementor-element elementor-element-36630750 elementor-view-default elementor-widget elementor-widget-icon\" data-id=\"36630750\" data-element_type=\"widget\" data-settings=\"{&quot;ekit_we_effect_on&quot;:&quot;none&quot;}\" data-widget_type=\"icon.default\">\n\t\t\t\t<div class=\"elementor-widget-container\">\n\t\t\t\t\t\t\t<div class=\"elementor-icon-wrapper\">\n\t\t\t<div class=\"elementor-icon elementor-animation-grow\">\n\t\t\t<i aria-hidden=\"true\" class=\"fas fa-book\"><\/i>\t\t\t<\/div>\n\t\t<\/div>\n\t\t\t\t\t\t<\/div>\n\t\t\t\t<\/div>\n\t\t\t\t\t<\/div>\n\t\t<\/div>\n\t\t\t\t<div class=\"elementor-column elementor-col-50 elementor-inner-column elementor-element elementor-element-21ee2e0d\" data-id=\"21ee2e0d\" data-element_type=\"column\">\n\t\t\t<div class=\"elementor-widget-wrap elementor-element-populated\">\n\t\t\t\t\t\t<div class=\"elementor-element elementor-element-2739aa15 elementor-widget elementor-widget-heading\" data-id=\"2739aa15\" data-element_type=\"widget\" data-settings=\"{&quot;ekit_we_effect_on&quot;:&quot;none&quot;}\" data-widget_type=\"heading.default\">\n\t\t\t\t<div class=\"elementor-widget-container\">\n\t\t\t\t\t<h2 class=\"elementor-heading-title elementor-size-default\"><a href=\"https:\/\/drive.google.com\/file\/d\/1HJ_qj7MeZEW1C4T_sspdIdKV4x9KLdV2\/view?usp=sharing\" target=\"_blank\">Recursos humanos<\/a><\/h2>\t\t\t\t<\/div>\n\t\t\t\t<\/div>\n\t\t\t\t\t<\/div>\n\t\t<\/div>\n\t\t\t\t\t<\/div>\n\t\t<\/section>\n\t\t\t\t<section class=\"elementor-section elementor-inner-section elementor-element elementor-element-e38627e elementor-section-boxed elementor-section-height-default elementor-section-height-default\" data-id=\"e38627e\" data-element_type=\"section\" data-settings=\"{&quot;ekit_has_onepagescroll_dot&quot;:&quot;yes&quot;}\">\n\t\t\t\t\t\t<div class=\"elementor-container elementor-column-gap-default\">\n\t\t\t\t\t<div class=\"elementor-column elementor-col-50 elementor-inner-column elementor-element elementor-element-ff7f1a9\" data-id=\"ff7f1a9\" data-element_type=\"column\">\n\t\t\t<div class=\"elementor-widget-wrap elementor-element-populated\">\n\t\t\t\t\t\t<div class=\"elementor-element elementor-element-9f88bd0 elementor-view-default elementor-widget elementor-widget-icon\" data-id=\"9f88bd0\" data-element_type=\"widget\" data-settings=\"{&quot;ekit_we_effect_on&quot;:&quot;none&quot;}\" data-widget_type=\"icon.default\">\n\t\t\t\t<div class=\"elementor-widget-container\">\n\t\t\t\t\t\t\t<div class=\"elementor-icon-wrapper\">\n\t\t\t<div class=\"elementor-icon elementor-animation-grow\">\n\t\t\t<i aria-hidden=\"true\" class=\"fas fa-book\"><\/i>\t\t\t<\/div>\n\t\t<\/div>\n\t\t\t\t\t\t<\/div>\n\t\t\t\t<\/div>\n\t\t\t\t\t<\/div>\n\t\t<\/div>\n\t\t\t\t<div class=\"elementor-column elementor-col-50 elementor-inner-column elementor-element elementor-element-749de42\" data-id=\"749de42\" data-element_type=\"column\">\n\t\t\t<div class=\"elementor-widget-wrap elementor-element-populated\">\n\t\t\t\t\t\t<div class=\"elementor-element elementor-element-2c9c838 elementor-widget elementor-widget-heading\" data-id=\"2c9c838\" data-element_type=\"widget\" data-settings=\"{&quot;ekit_we_effect_on&quot;:&quot;none&quot;}\" data-widget_type=\"heading.default\">\n\t\t\t\t<div class=\"elementor-widget-container\">\n\t\t\t\t\t<h2 class=\"elementor-heading-title elementor-size-default\"><a href=\"https:\/\/drive.google.com\/file\/d\/1HFoj6yG0VPiAs9-oMUAr0IpGrqDe5SlN\/view?usp=sharing\" target=\"_blank\">Solicitudes de informaci\u00f3n<\/a><\/h2>\t\t\t\t<\/div>\n\t\t\t\t<\/div>\n\t\t\t\t\t<\/div>\n\t\t<\/div>\n\t\t\t\t\t<\/div>\n\t\t<\/section>\n\t\t\t\t\t<\/div>\n\t\t<\/div>\n\t\t\t\t\t<\/div>\n\t\t<\/section>\n\t\t\t\t<\/div>\n\t\t","protected":false},"excerpt":{"rendered":"<p>Datos personales Comisi\u00f3n de Agua y Saneamiento de Fort\u00edn Juntos por la Transformaci\u00f3n Declaraci\u00f3nes patrimoniales Padr\u00f3n de contratistas y proveedores Padr\u00f3n de usuarios Recursos humanos Solicitudes de informaci\u00f3n<\/p>\n","protected":false},"author":1,"featured_media":0,"parent":0,"menu_order":0,"comment_status":"closed","ping_status":"closed","template":"elementor_header_footer","meta":{"footnotes":""},"class_list":["post-739","page","type-page","status-publish","hentry"],"yoast_head":"<!-- This site is optimized with the Yoast SEO plugin v24.3 - https:\/\/yoast.com\/wordpress\/plugins\/seo\/ -->\n<title>Sistema de datos personales - Comisi\u00f3n de Agua y Saneamiento de Fortin<\/title>\n<meta name=\"robots\" content=\"index, follow, max-snippet:-1, max-image-preview:large, max-video-preview:-1\" \/>\n<link rel=\"canonical\" href=\"https:\/\/casfortin.gob.mx\/index.php\/sistema-de-datos-personales\/\" \/>\n<meta property=\"og:locale\" content=\"es_MX\" \/>\n<meta property=\"og:type\" content=\"article\" \/>\n<meta property=\"og:title\" content=\"Sistema de datos personales - Comisi\u00f3n de Agua y Saneamiento de Fortin\" \/>\n<meta property=\"og:description\" content=\"Datos personales Comisi\u00f3n de Agua y Saneamiento de Fort\u00edn Juntos por la Transformaci\u00f3n Declaraci\u00f3nes patrimoniales Padr\u00f3n de contratistas y proveedores Padr\u00f3n de usuarios Recursos humanos Solicitudes de informaci\u00f3n\" \/>\n<meta property=\"og:url\" content=\"https:\/\/casfortin.gob.mx\/index.php\/sistema-de-datos-personales\/\" \/>\n<meta property=\"og:site_name\" content=\"Comisi\u00f3n de Agua y Saneamiento de Fortin\" \/>\n<meta property=\"article:modified_time\" content=\"2023-06-05T16:23:25+00:00\" \/>\n<meta name=\"twitter:card\" content=\"summary_large_image\" \/>\n<meta name=\"twitter:label1\" content=\"Tiempo de lectura\" \/>\n\t<meta name=\"twitter:data1\" content=\"1 minuto\" \/>\n<script type=\"application\/ld+json\" class=\"yoast-schema-graph\">{\"@context\":\"https:\/\/schema.org\",\"@graph\":[{\"@type\":\"WebPage\",\"@id\":\"https:\/\/casfortin.gob.mx\/index.php\/sistema-de-datos-personales\/\",\"url\":\"https:\/\/casfortin.gob.mx\/index.php\/sistema-de-datos-personales\/\",\"name\":\"Sistema de datos personales - Comisi\u00f3n de Agua y Saneamiento de Fortin\",\"isPartOf\":{\"@id\":\"https:\/\/casfortin.gob.mx\/#website\"},\"datePublished\":\"2022-03-17T19:02:42+00:00\",\"dateModified\":\"2023-06-05T16:23:25+00:00\",\"breadcrumb\":{\"@id\":\"https:\/\/casfortin.gob.mx\/index.php\/sistema-de-datos-personales\/#breadcrumb\"},\"inLanguage\":\"es\",\"potentialAction\":[{\"@type\":\"ReadAction\",\"target\":[\"https:\/\/casfortin.gob.mx\/index.php\/sistema-de-datos-personales\/\"]}]},{\"@type\":\"BreadcrumbList\",\"@id\":\"https:\/\/casfortin.gob.mx\/index.php\/sistema-de-datos-personales\/#breadcrumb\",\"itemListElement\":[{\"@type\":\"ListItem\",\"position\":1,\"name\":\"Inicio\",\"item\":\"https:\/\/casfortin.gob.mx\/\"},{\"@type\":\"ListItem\",\"position\":2,\"name\":\"Sistema de datos personales\"}]},{\"@type\":\"WebSite\",\"@id\":\"https:\/\/casfortin.gob.mx\/#website\",\"url\":\"https:\/\/casfortin.gob.mx\/\",\"name\":\"Comisi\u00f3n de Agua y Saneamiento de Fortin\",\"description\":\"La Comisi\u00f3n de Agua y Saneamiento de Fort\u00edn es un organismo p\u00fablico descentralizado que surge por la necesidad de dotar al municipio de Fort\u00edn\",\"publisher\":{\"@id\":\"https:\/\/casfortin.gob.mx\/#organization\"},\"potentialAction\":[{\"@type\":\"SearchAction\",\"target\":{\"@type\":\"EntryPoint\",\"urlTemplate\":\"https:\/\/casfortin.gob.mx\/?s={search_term_string}\"},\"query-input\":{\"@type\":\"PropertyValueSpecification\",\"valueRequired\":true,\"valueName\":\"search_term_string\"}}],\"inLanguage\":\"es\"},{\"@type\":\"Organization\",\"@id\":\"https:\/\/casfortin.gob.mx\/#organization\",\"name\":\"Comisi\u00f3n de Agua y Saneamiento De Fort\u00edn\",\"url\":\"https:\/\/casfortin.gob.mx\/\",\"logo\":{\"@type\":\"ImageObject\",\"inLanguage\":\"es\",\"@id\":\"https:\/\/casfortin.gob.mx\/#\/schema\/logo\/image\/\",\"url\":\"https:\/\/casfortin.gob.mx\/wp-content\/uploads\/2022\/02\/logo-02-1.png\",\"contentUrl\":\"https:\/\/casfortin.gob.mx\/wp-content\/uploads\/2022\/02\/logo-02-1.png\",\"width\":657,\"height\":186,\"caption\":\"Comisi\u00f3n de Agua y Saneamiento De Fort\u00edn\"},\"image\":{\"@id\":\"https:\/\/casfortin.gob.mx\/#\/schema\/logo\/image\/\"}}]}<\/script>\n<!-- \/ Yoast SEO plugin. -->","yoast_head_json":{"title":"Sistema de datos personales - Comisi\u00f3n de Agua y Saneamiento de Fortin","robots":{"index":"index","follow":"follow","max-snippet":"max-snippet:-1","max-image-preview":"max-image-preview:large","max-video-preview":"max-video-preview:-1"},"canonical":"https:\/\/casfortin.gob.mx\/index.php\/sistema-de-datos-personales\/","og_locale":"es_MX","og_type":"article","og_title":"Sistema de datos personales - Comisi\u00f3n de Agua y Saneamiento de Fortin","og_description":"Datos personales Comisi\u00f3n de Agua y Saneamiento de Fort\u00edn Juntos por la Transformaci\u00f3n Declaraci\u00f3nes patrimoniales Padr\u00f3n de contratistas y proveedores Padr\u00f3n de usuarios Recursos humanos Solicitudes de informaci\u00f3n","og_url":"https:\/\/casfortin.gob.mx\/index.php\/sistema-de-datos-personales\/","og_site_name":"Comisi\u00f3n de Agua y Saneamiento de Fortin","article_modified_time":"2023-06-05T16:23:25+00:00","twitter_card":"summary_large_image","twitter_misc":{"Tiempo de lectura":"1 minuto"},"schema":{"@context":"https:\/\/schema.org","@graph":[{"@type":"WebPage","@id":"https:\/\/casfortin.gob.mx\/index.php\/sistema-de-datos-personales\/","url":"https:\/\/casfortin.gob.mx\/index.php\/sistema-de-datos-personales\/","name":"Sistema de datos personales - Comisi\u00f3n de Agua y Saneamiento de Fortin","isPartOf":{"@id":"https:\/\/casfortin.gob.mx\/#website"},"datePublished":"2022-03-17T19:02:42+00:00","dateModified":"2023-06-05T16:23:25+00:00","breadcrumb":{"@id":"https:\/\/casfortin.gob.mx\/index.php\/sistema-de-datos-personales\/#breadcrumb"},"inLanguage":"es","potentialAction":[{"@type":"ReadAction","target":["https:\/\/casfortin.gob.mx\/index.php\/sistema-de-datos-personales\/"]}]},{"@type":"BreadcrumbList","@id":"https:\/\/casfortin.gob.mx\/index.php\/sistema-de-datos-personales\/#breadcrumb","itemListElement":[{"@type":"ListItem","position":1,"name":"Inicio","item":"https:\/\/casfortin.gob.mx\/"},{"@type":"ListItem","position":2,"name":"Sistema de datos personales"}]},{"@type":"WebSite","@id":"https:\/\/casfortin.gob.mx\/#website","url":"https:\/\/casfortin.gob.mx\/","name":"Comisi\u00f3n de Agua y Saneamiento de Fortin","description":"La Comisi\u00f3n de Agua y Saneamiento de Fort\u00edn es un organismo p\u00fablico descentralizado que surge por la necesidad de dotar al municipio de Fort\u00edn","publisher":{"@id":"https:\/\/casfortin.gob.mx\/#organization"},"potentialAction":[{"@type":"SearchAction","target":{"@type":"EntryPoint","urlTemplate":"https:\/\/casfortin.gob.mx\/?s={search_term_string}"},"query-input":{"@type":"PropertyValueSpecification","valueRequired":true,"valueName":"search_term_string"}}],"inLanguage":"es"},{"@type":"Organization","@id":"https:\/\/casfortin.gob.mx\/#organization","name":"Comisi\u00f3n de Agua y Saneamiento De Fort\u00edn","url":"https:\/\/casfortin.gob.mx\/","logo":{"@type":"ImageObject","inLanguage":"es","@id":"https:\/\/casfortin.gob.mx\/#\/schema\/logo\/image\/","url":"https:\/\/casfortin.gob.mx\/wp-content\/uploads\/2022\/02\/logo-02-1.png","contentUrl":"https:\/\/casfortin.gob.mx\/wp-content\/uploads\/2022\/02\/logo-02-1.png","width":657,"height":186,"caption":"Comisi\u00f3n de Agua y Saneamiento De Fort\u00edn"},"image":{"@id":"https:\/\/casfortin.gob.mx\/#\/schema\/logo\/image\/"}}]}},"_links":{"self":[{"href":"https:\/\/casfortin.gob.mx\/index.php\/wp-json\/wp\/v2\/pages\/739","targetHints":{"allow":["GET"]}}],"collection":[{"href":"https:\/\/casfortin.gob.mx\/index.php\/wp-json\/wp\/v2\/pages"}],"about":[{"href":"https:\/\/casfortin.gob.mx\/index.php\/wp-json\/wp\/v2\/types\/page"}],"author":[{"embeddable":true,"href":"https:\/\/casfortin.gob.mx\/index.php\/wp-json\/wp\/v2\/users\/1"}],"replies":[{"embeddable":true,"href":"https:\/\/casfortin.gob.mx\/index.php\/wp-json\/wp\/v2\/comments?post=739"}],"version-history":[{"count":38,"href":"https:\/\/casfortin.gob.mx\/index.php\/wp-json\/wp\/v2\/pages\/739\/revisions"}],"predecessor-version":[{"id":5176,"href":"https:\/\/casfortin.gob.mx\/index.php\/wp-json\/wp\/v2\/pages\/739\/revisions\/5176"}],"wp:attachment":[{"href":"https:\/\/casfortin.gob.mx\/index.php\/wp-json\/wp\/v2\/media?parent=739"}],"curies":[{"name":"wp","href":"https:\/\/api.w.org\/{rel}","templated":true}]}}