{"id":9161,"date":"2025-11-28T12:16:42","date_gmt":"2025-11-28T18:16:42","guid":{"rendered":"https:\/\/casfortin.gob.mx\/?page_id=9161"},"modified":"2026-02-05T08:53:54","modified_gmt":"2026-02-05T14:53:54","slug":"info_trimestral_trimestres","status":"publish","type":"page","link":"https:\/\/casfortin.gob.mx\/index.php\/info_trimestral_trimestres\/","title":{"rendered":"Info_trimestral_trimestres"},"content":{"rendered":"\t\t<div data-elementor-type=\"wp-page\" data-elementor-id=\"9161\" class=\"elementor elementor-9161\">\n\t\t\t\t\t\t<section class=\"elementor-section elementor-top-section elementor-element elementor-element-1fd28e30 elementor-section-boxed elementor-section-height-default elementor-section-height-default\" data-id=\"1fd28e30\" data-element_type=\"section\" data-settings=\"{&quot;background_background&quot;:&quot;classic&quot;,&quot;ekit_has_onepagescroll_dot&quot;:&quot;yes&quot;}\">\n\t\t\t\t\t\t\t<div class=\"elementor-background-overlay\"><\/div>\n\t\t\t\t\t\t\t<div class=\"elementor-container elementor-column-gap-default\">\n\t\t\t\t\t<div class=\"elementor-column elementor-col-100 elementor-top-column elementor-element elementor-element-22e91b9e\" data-id=\"22e91b9e\" data-element_type=\"column\">\n\t\t\t<div class=\"elementor-widget-wrap elementor-element-populated\">\n\t\t\t\t\t\t<div class=\"elementor-element elementor-element-743702a5 elementor-widget elementor-widget-heading\" data-id=\"743702a5\" data-element_type=\"widget\" data-settings=\"{&quot;ekit_we_effect_on&quot;:&quot;none&quot;}\" data-widget_type=\"heading.default\">\n\t\t\t\t<div class=\"elementor-widget-container\">\n\t\t\t\t\t<h2 class=\"elementor-heading-title elementor-size-default\">INFORMES DE TRANSPARENCIA<\/h2>\t\t\t\t<\/div>\n\t\t\t\t<\/div>\n\t\t\t\t<div class=\"elementor-element elementor-element-2abc1bc1 elementor-icon-list--layout-inline elementor-align-center elementor-list-item-link-full_width elementor-widget elementor-widget-icon-list\" data-id=\"2abc1bc1\" data-element_type=\"widget\" data-settings=\"{&quot;ekit_we_effect_on&quot;:&quot;none&quot;}\" data-widget_type=\"icon-list.default\">\n\t\t\t\t<div class=\"elementor-widget-container\">\n\t\t\t\t\t\t\t<ul class=\"elementor-icon-list-items elementor-inline-items\">\n\t\t\t\t\t\t\t<li class=\"elementor-icon-list-item elementor-inline-item\">\n\t\t\t\t\t\t\t\t\t\t<span class=\"elementor-icon-list-text\">Inicio<\/span>\n\t\t\t\t\t\t\t\t\t<\/li>\n\t\t\t\t\t\t<\/ul>\n\t\t\t\t\t\t<\/div>\n\t\t\t\t<\/div>\n\t\t\t\t\t<\/div>\n\t\t<\/div>\n\t\t\t\t\t<\/div>\n\t\t<\/section>\n\t\t\t\t<section class=\"elementor-section elementor-top-section elementor-element elementor-element-70174c14 elementor-section-boxed elementor-section-height-default elementor-section-height-default\" data-id=\"70174c14\" data-element_type=\"section\" data-settings=\"{&quot;background_background&quot;:&quot;classic&quot;,&quot;ekit_has_onepagescroll_dot&quot;:&quot;yes&quot;}\">\n\t\t\t\t\t\t<div class=\"elementor-container elementor-column-gap-default\">\n\t\t\t\t\t<div class=\"elementor-column elementor-col-100 elementor-top-column elementor-element elementor-element-2f1c9502\" data-id=\"2f1c9502\" data-element_type=\"column\">\n\t\t\t<div class=\"elementor-widget-wrap elementor-element-populated\">\n\t\t\t\t\t\t<div class=\"elementor-element elementor-element-5881b164 animated-slow elementor-invisible elementor-widget elementor-widget-heading\" data-id=\"5881b164\" data-element_type=\"widget\" data-settings=\"{&quot;_animation&quot;:&quot;fadeInLeft&quot;,&quot;ekit_we_effect_on&quot;:&quot;none&quot;}\" data-widget_type=\"heading.default\">\n\t\t\t\t<div class=\"elementor-widget-container\">\n\t\t\t\t\t<h5 class=\"elementor-heading-title elementor-size-default\">Comisi\u00f3n de Agua y Saneamiento de Fort\u00edn <\/h5>\t\t\t\t<\/div>\n\t\t\t\t<\/div>\n\t\t\t\t<div class=\"elementor-element elementor-element-29545d2d elementor-widget elementor-widget-heading\" data-id=\"29545d2d\" data-element_type=\"widget\" data-settings=\"{&quot;ekit_we_effect_on&quot;:&quot;none&quot;}\" data-widget_type=\"heading.default\">\n\t\t\t\t<div class=\"elementor-widget-container\">\n\t\t\t\t\t<h2 class=\"elementor-heading-title elementor-size-default\">INFORMES DE TRANSPARENCIA PRIMER SEMESTRE\n2025<\/h2>\t\t\t\t<\/div>\n\t\t\t\t<\/div>\n\t\t\t\t<div class=\"elementor-element elementor-element-3773a02f elementor-widget elementor-widget-text-editor\" data-id=\"3773a02f\" data-element_type=\"widget\" data-settings=\"{&quot;ekit_we_effect_on&quot;:&quot;none&quot;}\" data-widget_type=\"text-editor.default\">\n\t\t\t\t<div class=\"elementor-widget-container\">\n\t\t\t\t\t\t\t\t\t<p align=\"justify\">En cumplimiento al art\u00edculo 87 de la Ley 250 de Transparencia y Acceso a la Informaci\u00f3n P\u00fablica del Estado de Veracruz (Publicado en la Gaceta Oficial del Estado, con n\u00famero Extraordinario 258 Decreto 250 de fecha 30 de junio de 2025), se elaboran y publican Informes en Materia de Transparencia.<\/p>\t\t\t\t\t\t\t\t<\/div>\n\t\t\t\t<\/div>\n\t\t\t\t\t<\/div>\n\t\t<\/div>\n\t\t\t\t\t<\/div>\n\t\t<\/section>\n\t\t\t\t<section class=\"elementor-section elementor-top-section elementor-element elementor-element-4c48ab5a elementor-section-boxed elementor-section-height-default elementor-section-height-default\" data-id=\"4c48ab5a\" data-element_type=\"section\" data-settings=\"{&quot;background_background&quot;:&quot;classic&quot;,&quot;ekit_has_onepagescroll_dot&quot;:&quot;yes&quot;}\">\n\t\t\t\t\t\t\t<div class=\"elementor-background-overlay\"><\/div>\n\t\t\t\t\t\t\t<div class=\"elementor-container elementor-column-gap-default\">\n\t\t\t\t\t<div class=\"elementor-column elementor-col-25 elementor-top-column elementor-element elementor-element-3ecea569\" data-id=\"3ecea569\" data-element_type=\"column\">\n\t\t\t<div class=\"elementor-widget-wrap elementor-element-populated\">\n\t\t\t\t\t\t<div class=\"elementor-element elementor-element-3d4f0350 elementor-align-center elementor-widget__width-initial elementor-widget elementor-widget-button\" data-id=\"3d4f0350\" data-element_type=\"widget\" data-settings=\"{&quot;ekit_we_effect_on&quot;:&quot;none&quot;}\" data-widget_type=\"button.default\">\n\t\t\t\t<div class=\"elementor-widget-container\">\n\t\t\t\t\t\t\t\t\t<div class=\"elementor-button-wrapper\">\n\t\t\t\t\t<a class=\"elementor-button elementor-button-link elementor-size-sm elementor-animation-grow\" href=\"https:\/\/docs.google.com\/spreadsheets\/d\/1LMcZBYAVDV66TFphIQpiZszP8DofwV0l\/edit?usp=sharing&#038;ouid=100020696974367745023&#038;rtpof=true&#038;sd=true\" target=\"_blank\">\n\t\t\t\t\t\t<span class=\"elementor-button-content-wrapper\">\n\t\t\t\t\t\t\t\t\t<span class=\"elementor-button-text\">Solicitudes de Informacion Semestral<\/span>\n\t\t\t\t\t<\/span>\n\t\t\t\t\t<\/a>\n\t\t\t\t<\/div>\n\t\t\t\t\t\t\t\t<\/div>\n\t\t\t\t<\/div>\n\t\t\t\t\t<\/div>\n\t\t<\/div>\n\t\t\t\t<div class=\"elementor-column elementor-col-25 elementor-top-column elementor-element elementor-element-446b5c69\" data-id=\"446b5c69\" data-element_type=\"column\">\n\t\t\t<div class=\"elementor-widget-wrap elementor-element-populated\">\n\t\t\t\t\t\t<div class=\"elementor-element elementor-element-721f4e54 elementor-align-center elementor-widget__width-initial elementor-widget elementor-widget-button\" data-id=\"721f4e54\" data-element_type=\"widget\" data-settings=\"{&quot;ekit_we_effect_on&quot;:&quot;none&quot;}\" data-widget_type=\"button.default\">\n\t\t\t\t<div class=\"elementor-widget-container\">\n\t\t\t\t\t\t\t\t\t<div class=\"elementor-button-wrapper\">\n\t\t\t\t\t<a class=\"elementor-button elementor-button-link elementor-size-sm elementor-animation-grow\" href=\"https:\/\/docs.google.com\/spreadsheets\/d\/1Fqu6WXhnO4WJI3iYzZ9HxH_CLo44i1ec\/edit?usp=sharing&#038;ouid=100020696974367745023&#038;rtpof=true&#038;sd=true\" target=\"_blank\">\n\t\t\t\t\t\t<span class=\"elementor-button-content-wrapper\">\n\t\t\t\t\t\t\t\t\t<span class=\"elementor-button-text\">Indice Rubros Tematicos Semestral<\/span>\n\t\t\t\t\t<\/span>\n\t\t\t\t\t<\/a>\n\t\t\t\t<\/div>\n\t\t\t\t\t\t\t\t<\/div>\n\t\t\t\t<\/div>\n\t\t\t\t\t<\/div>\n\t\t<\/div>\n\t\t\t\t<div class=\"elementor-column elementor-col-25 elementor-top-column elementor-element elementor-element-11ddd783\" data-id=\"11ddd783\" data-element_type=\"column\">\n\t\t\t<div class=\"elementor-widget-wrap elementor-element-populated\">\n\t\t\t\t\t\t<div class=\"elementor-element elementor-element-4d9dce25 elementor-align-center elementor-widget__width-initial elementor-widget elementor-widget-button\" data-id=\"4d9dce25\" data-element_type=\"widget\" data-settings=\"{&quot;ekit_we_effect_on&quot;:&quot;none&quot;}\" data-widget_type=\"button.default\">\n\t\t\t\t<div class=\"elementor-widget-container\">\n\t\t\t\t\t\t\t\t\t<div class=\"elementor-button-wrapper\">\n\t\t\t\t\t<a class=\"elementor-button elementor-button-link elementor-size-sm elementor-animation-grow\" href=\"https:\/\/docs.google.com\/spreadsheets\/d\/19nWVl1NkmY7eNrw8M9F5YnzjSLYI4PdI\/edit?usp=sharing&#038;ouid=100020696974367745023&#038;rtpof=true&#038;sd=true\" target=\"_blank\">\n\t\t\t\t\t\t<span class=\"elementor-button-content-wrapper\">\n\t\t\t\t\t\t\t\t\t<span class=\"elementor-button-text\">Solicitudes de Informacion Anual<\/span>\n\t\t\t\t\t<\/span>\n\t\t\t\t\t<\/a>\n\t\t\t\t<\/div>\n\t\t\t\t\t\t\t\t<\/div>\n\t\t\t\t<\/div>\n\t\t\t\t\t<\/div>\n\t\t<\/div>\n\t\t\t\t<div class=\"elementor-column elementor-col-25 elementor-top-column elementor-element elementor-element-3a67c644\" data-id=\"3a67c644\" data-element_type=\"column\">\n\t\t\t<div class=\"elementor-widget-wrap elementor-element-populated\">\n\t\t\t\t\t\t<div class=\"elementor-element elementor-element-6b916ab4 elementor-align-center elementor-widget__width-initial elementor-widget elementor-widget-button\" data-id=\"6b916ab4\" data-element_type=\"widget\" data-settings=\"{&quot;ekit_we_effect_on&quot;:&quot;none&quot;}\" data-widget_type=\"button.default\">\n\t\t\t\t<div class=\"elementor-widget-container\">\n\t\t\t\t\t\t\t\t\t<div class=\"elementor-button-wrapper\">\n\t\t\t\t\t<a class=\"elementor-button elementor-button-link elementor-size-sm elementor-animation-grow\" href=\"https:\/\/docs.google.com\/spreadsheets\/d\/1AVjPXqpteEXzS3z4GhLMVIKXA1WydvJl\/edit?usp=sharing&#038;ouid=100020696974367745023&#038;rtpof=true&#038;sd=true\" target=\"_blank\">\n\t\t\t\t\t\t<span class=\"elementor-button-content-wrapper\">\n\t\t\t\t\t\t\t\t\t<span class=\"elementor-button-text\">Indice Rubros Tem\u00e1ticos Anual<\/span>\n\t\t\t\t\t<\/span>\n\t\t\t\t\t<\/a>\n\t\t\t\t<\/div>\n\t\t\t\t\t\t\t\t<\/div>\n\t\t\t\t<\/div>\n\t\t\t\t\t<\/div>\n\t\t<\/div>\n\t\t\t\t\t<\/div>\n\t\t<\/section>\n\t\t\t\t<section class=\"elementor-section elementor-top-section elementor-element elementor-element-75c0394 elementor-section-boxed elementor-section-height-default elementor-section-height-default\" data-id=\"75c0394\" data-element_type=\"section\" data-settings=\"{&quot;background_background&quot;:&quot;classic&quot;,&quot;ekit_has_onepagescroll_dot&quot;:&quot;yes&quot;}\">\n\t\t\t\t\t\t\t<div class=\"elementor-background-overlay\"><\/div>\n\t\t\t\t\t\t\t<div class=\"elementor-container elementor-column-gap-default\">\n\t\t\t\t\t<div class=\"elementor-column elementor-col-25 elementor-top-column elementor-element elementor-element-5d4525d\" data-id=\"5d4525d\" data-element_type=\"column\">\n\t\t\t<div class=\"elementor-widget-wrap\">\n\t\t\t\t\t\t\t<\/div>\n\t\t<\/div>\n\t\t\t\t<div class=\"elementor-column elementor-col-25 elementor-top-column elementor-element elementor-element-9b06ce0\" data-id=\"9b06ce0\" data-element_type=\"column\">\n\t\t\t<div class=\"elementor-widget-wrap elementor-element-populated\">\n\t\t\t\t\t\t<div class=\"elementor-element elementor-element-b641a3d elementor-align-center elementor-widget__width-initial elementor-widget elementor-widget-button\" data-id=\"b641a3d\" data-element_type=\"widget\" data-settings=\"{&quot;ekit_we_effect_on&quot;:&quot;none&quot;}\" data-widget_type=\"button.default\">\n\t\t\t\t<div class=\"elementor-widget-container\">\n\t\t\t\t\t\t\t\t\t<div class=\"elementor-button-wrapper\">\n\t\t\t\t\t<a class=\"elementor-button elementor-button-link elementor-size-sm elementor-animation-grow\" href=\"https:\/\/drive.google.com\/file\/d\/1VwkTzmj0LSfRrG4wpZwXk2w5rBXytYPp\/view?usp=sharing\" target=\"_blank\">\n\t\t\t\t\t\t<span class=\"elementor-button-content-wrapper\">\n\t\t\t\t\t\t\t\t\t<span class=\"elementor-button-text\">Informe Solicitudes De Informaci\u00f3n Primer Semestre<\/span>\n\t\t\t\t\t<\/span>\n\t\t\t\t\t<\/a>\n\t\t\t\t<\/div>\n\t\t\t\t\t\t\t\t<\/div>\n\t\t\t\t<\/div>\n\t\t\t\t\t<\/div>\n\t\t<\/div>\n\t\t\t\t<div class=\"elementor-column elementor-col-25 elementor-top-column elementor-element elementor-element-235ffc1\" data-id=\"235ffc1\" data-element_type=\"column\">\n\t\t\t<div class=\"elementor-widget-wrap elementor-element-populated\">\n\t\t\t\t\t\t<div class=\"elementor-element elementor-element-ab658c7 elementor-align-center elementor-widget__width-initial elementor-widget elementor-widget-button\" data-id=\"ab658c7\" data-element_type=\"widget\" data-settings=\"{&quot;ekit_we_effect_on&quot;:&quot;none&quot;}\" data-widget_type=\"button.default\">\n\t\t\t\t<div class=\"elementor-widget-container\">\n\t\t\t\t\t\t\t\t\t<div class=\"elementor-button-wrapper\">\n\t\t\t\t\t<a class=\"elementor-button elementor-button-link elementor-size-sm elementor-animation-grow\" href=\"https:\/\/drive.google.com\/file\/d\/1laVaTCLR2bBRa1yzVulptXtgHRWi1iaK\/view?usp=sharing\" target=\"_blank\">\n\t\t\t\t\t\t<span class=\"elementor-button-content-wrapper\">\n\t\t\t\t\t\t\t\t\t<span class=\"elementor-button-text\">Informe Rubros Tem\u00e1ticos Primer Semestre<\/span>\n\t\t\t\t\t<\/span>\n\t\t\t\t\t<\/a>\n\t\t\t\t<\/div>\n\t\t\t\t\t\t\t\t<\/div>\n\t\t\t\t<\/div>\n\t\t\t\t\t<\/div>\n\t\t<\/div>\n\t\t\t\t<div class=\"elementor-column elementor-col-25 elementor-top-column elementor-element elementor-element-bcc64e6\" data-id=\"bcc64e6\" data-element_type=\"column\">\n\t\t\t<div class=\"elementor-widget-wrap\">\n\t\t\t\t\t\t\t<\/div>\n\t\t<\/div>\n\t\t\t\t\t<\/div>\n\t\t<\/section>\n\t\t\t\t<section class=\"elementor-section elementor-top-section elementor-element elementor-element-81db736 elementor-section-boxed elementor-section-height-default elementor-section-height-default\" data-id=\"81db736\" data-element_type=\"section\" data-settings=\"{&quot;ekit_has_onepagescroll_dot&quot;:&quot;yes&quot;}\">\n\t\t\t\t\t\t<div class=\"elementor-container elementor-column-gap-default\">\n\t\t\t\t\t<div class=\"elementor-column elementor-col-100 elementor-top-column elementor-element elementor-element-2eb92463\" data-id=\"2eb92463\" data-element_type=\"column\">\n\t\t\t<div class=\"elementor-widget-wrap elementor-element-populated\">\n\t\t\t\t\t\t<div class=\"elementor-element elementor-element-4e3d1caf elementor-widget elementor-widget-heading\" data-id=\"4e3d1caf\" data-element_type=\"widget\" data-settings=\"{&quot;ekit_we_effect_on&quot;:&quot;none&quot;}\" data-widget_type=\"heading.default\">\n\t\t\t\t<div class=\"elementor-widget-container\">\n\t\t\t\t\t<h2 class=\"elementor-heading-title elementor-size-default\">2025<\/h2>\t\t\t\t<\/div>\n\t\t\t\t<\/div>\n\t\t\t\t\t<\/div>\n\t\t<\/div>\n\t\t\t\t\t<\/div>\n\t\t<\/section>\n\t\t\t\t<\/div>\n\t\t","protected":false},"excerpt":{"rendered":"<p>INFORMES DE TRANSPARENCIA Inicio Comisi\u00f3n de Agua y Saneamiento de Fort\u00edn INFORMES DE TRANSPARENCIA PRIMER SEMESTRE 2025 En cumplimiento al art\u00edculo 87 de la Ley 250 de Transparencia y Acceso a la Informaci\u00f3n P\u00fablica del Estado de Veracruz (Publicado en la Gaceta Oficial del Estado, con n\u00famero Extraordinario 258 Decreto 250 de fecha 30 de [&hellip;]<\/p>\n","protected":false},"author":1,"featured_media":0,"parent":0,"menu_order":0,"comment_status":"closed","ping_status":"closed","template":"elementor_header_footer","meta":{"footnotes":""},"class_list":["post-9161","page","type-page","status-publish","hentry"],"yoast_head":"<!-- This site is optimized with the Yoast SEO plugin v24.3 - https:\/\/yoast.com\/wordpress\/plugins\/seo\/ -->\n<title>Info_trimestral_trimestres - Comisi\u00f3n de Agua y Saneamiento de Fortin<\/title>\n<meta name=\"robots\" content=\"index, follow, max-snippet:-1, max-image-preview:large, max-video-preview:-1\" \/>\n<link rel=\"canonical\" href=\"https:\/\/casfortin.gob.mx\/index.php\/info_trimestral_trimestres\/\" \/>\n<meta property=\"og:locale\" content=\"es_MX\" \/>\n<meta property=\"og:type\" content=\"article\" \/>\n<meta property=\"og:title\" content=\"Info_trimestral_trimestres - Comisi\u00f3n de Agua y Saneamiento de Fortin\" \/>\n<meta property=\"og:description\" content=\"INFORMES DE TRANSPARENCIA Inicio Comisi\u00f3n de Agua y Saneamiento de Fort\u00edn INFORMES DE TRANSPARENCIA PRIMER SEMESTRE 2025 En cumplimiento al art\u00edculo 87 de la Ley 250 de Transparencia y Acceso a la Informaci\u00f3n P\u00fablica del Estado de Veracruz (Publicado en la Gaceta Oficial del Estado, con n\u00famero Extraordinario 258 Decreto 250 de fecha 30 de [&hellip;]\" \/>\n<meta property=\"og:url\" content=\"https:\/\/casfortin.gob.mx\/index.php\/info_trimestral_trimestres\/\" \/>\n<meta property=\"og:site_name\" content=\"Comisi\u00f3n de Agua y Saneamiento de Fortin\" \/>\n<meta property=\"article:modified_time\" content=\"2026-02-05T14:53:54+00:00\" \/>\n<meta name=\"twitter:card\" content=\"summary_large_image\" \/>\n<meta name=\"twitter:label1\" content=\"Tiempo de lectura\" \/>\n\t<meta name=\"twitter:data1\" content=\"1 minuto\" \/>\n<script type=\"application\/ld+json\" class=\"yoast-schema-graph\">{\"@context\":\"https:\/\/schema.org\",\"@graph\":[{\"@type\":\"WebPage\",\"@id\":\"https:\/\/casfortin.gob.mx\/index.php\/info_trimestral_trimestres\/\",\"url\":\"https:\/\/casfortin.gob.mx\/index.php\/info_trimestral_trimestres\/\",\"name\":\"Info_trimestral_trimestres - Comisi\u00f3n de Agua y Saneamiento de Fortin\",\"isPartOf\":{\"@id\":\"https:\/\/casfortin.gob.mx\/#website\"},\"datePublished\":\"2025-11-28T18:16:42+00:00\",\"dateModified\":\"2026-02-05T14:53:54+00:00\",\"breadcrumb\":{\"@id\":\"https:\/\/casfortin.gob.mx\/index.php\/info_trimestral_trimestres\/#breadcrumb\"},\"inLanguage\":\"es\",\"potentialAction\":[{\"@type\":\"ReadAction\",\"target\":[\"https:\/\/casfortin.gob.mx\/index.php\/info_trimestral_trimestres\/\"]}]},{\"@type\":\"BreadcrumbList\",\"@id\":\"https:\/\/casfortin.gob.mx\/index.php\/info_trimestral_trimestres\/#breadcrumb\",\"itemListElement\":[{\"@type\":\"ListItem\",\"position\":1,\"name\":\"Inicio\",\"item\":\"https:\/\/casfortin.gob.mx\/\"},{\"@type\":\"ListItem\",\"position\":2,\"name\":\"Info_trimestral_trimestres\"}]},{\"@type\":\"WebSite\",\"@id\":\"https:\/\/casfortin.gob.mx\/#website\",\"url\":\"https:\/\/casfortin.gob.mx\/\",\"name\":\"Comisi\u00f3n de Agua y Saneamiento de Fortin\",\"description\":\"La Comisi\u00f3n de Agua y Saneamiento de Fort\u00edn es un organismo p\u00fablico descentralizado que surge por la necesidad de dotar al municipio de Fort\u00edn\",\"publisher\":{\"@id\":\"https:\/\/casfortin.gob.mx\/#organization\"},\"potentialAction\":[{\"@type\":\"SearchAction\",\"target\":{\"@type\":\"EntryPoint\",\"urlTemplate\":\"https:\/\/casfortin.gob.mx\/?s={search_term_string}\"},\"query-input\":{\"@type\":\"PropertyValueSpecification\",\"valueRequired\":true,\"valueName\":\"search_term_string\"}}],\"inLanguage\":\"es\"},{\"@type\":\"Organization\",\"@id\":\"https:\/\/casfortin.gob.mx\/#organization\",\"name\":\"Comisi\u00f3n de Agua y Saneamiento De Fort\u00edn\",\"url\":\"https:\/\/casfortin.gob.mx\/\",\"logo\":{\"@type\":\"ImageObject\",\"inLanguage\":\"es\",\"@id\":\"https:\/\/casfortin.gob.mx\/#\/schema\/logo\/image\/\",\"url\":\"https:\/\/casfortin.gob.mx\/wp-content\/uploads\/2022\/02\/logo-02-1.png\",\"contentUrl\":\"https:\/\/casfortin.gob.mx\/wp-content\/uploads\/2022\/02\/logo-02-1.png\",\"width\":657,\"height\":186,\"caption\":\"Comisi\u00f3n de Agua y Saneamiento De Fort\u00edn\"},\"image\":{\"@id\":\"https:\/\/casfortin.gob.mx\/#\/schema\/logo\/image\/\"}}]}<\/script>\n<!-- \/ Yoast SEO plugin. -->","yoast_head_json":{"title":"Info_trimestral_trimestres - Comisi\u00f3n de Agua y Saneamiento de Fortin","robots":{"index":"index","follow":"follow","max-snippet":"max-snippet:-1","max-image-preview":"max-image-preview:large","max-video-preview":"max-video-preview:-1"},"canonical":"https:\/\/casfortin.gob.mx\/index.php\/info_trimestral_trimestres\/","og_locale":"es_MX","og_type":"article","og_title":"Info_trimestral_trimestres - Comisi\u00f3n de Agua y Saneamiento de Fortin","og_description":"INFORMES DE TRANSPARENCIA Inicio Comisi\u00f3n de Agua y Saneamiento de Fort\u00edn INFORMES DE TRANSPARENCIA PRIMER SEMESTRE 2025 En cumplimiento al art\u00edculo 87 de la Ley 250 de Transparencia y Acceso a la Informaci\u00f3n P\u00fablica del Estado de Veracruz (Publicado en la Gaceta Oficial del Estado, con n\u00famero Extraordinario 258 Decreto 250 de fecha 30 de [&hellip;]","og_url":"https:\/\/casfortin.gob.mx\/index.php\/info_trimestral_trimestres\/","og_site_name":"Comisi\u00f3n de Agua y Saneamiento de Fortin","article_modified_time":"2026-02-05T14:53:54+00:00","twitter_card":"summary_large_image","twitter_misc":{"Tiempo de lectura":"1 minuto"},"schema":{"@context":"https:\/\/schema.org","@graph":[{"@type":"WebPage","@id":"https:\/\/casfortin.gob.mx\/index.php\/info_trimestral_trimestres\/","url":"https:\/\/casfortin.gob.mx\/index.php\/info_trimestral_trimestres\/","name":"Info_trimestral_trimestres - Comisi\u00f3n de Agua y Saneamiento de Fortin","isPartOf":{"@id":"https:\/\/casfortin.gob.mx\/#website"},"datePublished":"2025-11-28T18:16:42+00:00","dateModified":"2026-02-05T14:53:54+00:00","breadcrumb":{"@id":"https:\/\/casfortin.gob.mx\/index.php\/info_trimestral_trimestres\/#breadcrumb"},"inLanguage":"es","potentialAction":[{"@type":"ReadAction","target":["https:\/\/casfortin.gob.mx\/index.php\/info_trimestral_trimestres\/"]}]},{"@type":"BreadcrumbList","@id":"https:\/\/casfortin.gob.mx\/index.php\/info_trimestral_trimestres\/#breadcrumb","itemListElement":[{"@type":"ListItem","position":1,"name":"Inicio","item":"https:\/\/casfortin.gob.mx\/"},{"@type":"ListItem","position":2,"name":"Info_trimestral_trimestres"}]},{"@type":"WebSite","@id":"https:\/\/casfortin.gob.mx\/#website","url":"https:\/\/casfortin.gob.mx\/","name":"Comisi\u00f3n de Agua y Saneamiento de Fortin","description":"La Comisi\u00f3n de Agua y Saneamiento de Fort\u00edn es un organismo p\u00fablico descentralizado que surge por la necesidad de dotar al municipio de Fort\u00edn","publisher":{"@id":"https:\/\/casfortin.gob.mx\/#organization"},"potentialAction":[{"@type":"SearchAction","target":{"@type":"EntryPoint","urlTemplate":"https:\/\/casfortin.gob.mx\/?s={search_term_string}"},"query-input":{"@type":"PropertyValueSpecification","valueRequired":true,"valueName":"search_term_string"}}],"inLanguage":"es"},{"@type":"Organization","@id":"https:\/\/casfortin.gob.mx\/#organization","name":"Comisi\u00f3n de Agua y Saneamiento De Fort\u00edn","url":"https:\/\/casfortin.gob.mx\/","logo":{"@type":"ImageObject","inLanguage":"es","@id":"https:\/\/casfortin.gob.mx\/#\/schema\/logo\/image\/","url":"https:\/\/casfortin.gob.mx\/wp-content\/uploads\/2022\/02\/logo-02-1.png","contentUrl":"https:\/\/casfortin.gob.mx\/wp-content\/uploads\/2022\/02\/logo-02-1.png","width":657,"height":186,"caption":"Comisi\u00f3n de Agua y Saneamiento De Fort\u00edn"},"image":{"@id":"https:\/\/casfortin.gob.mx\/#\/schema\/logo\/image\/"}}]}},"_links":{"self":[{"href":"https:\/\/casfortin.gob.mx\/index.php\/wp-json\/wp\/v2\/pages\/9161","targetHints":{"allow":["GET"]}}],"collection":[{"href":"https:\/\/casfortin.gob.mx\/index.php\/wp-json\/wp\/v2\/pages"}],"about":[{"href":"https:\/\/casfortin.gob.mx\/index.php\/wp-json\/wp\/v2\/types\/page"}],"author":[{"embeddable":true,"href":"https:\/\/casfortin.gob.mx\/index.php\/wp-json\/wp\/v2\/users\/1"}],"replies":[{"embeddable":true,"href":"https:\/\/casfortin.gob.mx\/index.php\/wp-json\/wp\/v2\/comments?post=9161"}],"version-history":[{"count":20,"href":"https:\/\/casfortin.gob.mx\/index.php\/wp-json\/wp\/v2\/pages\/9161\/revisions"}],"predecessor-version":[{"id":9418,"href":"https:\/\/casfortin.gob.mx\/index.php\/wp-json\/wp\/v2\/pages\/9161\/revisions\/9418"}],"wp:attachment":[{"href":"https:\/\/casfortin.gob.mx\/index.php\/wp-json\/wp\/v2\/media?parent=9161"}],"curies":[{"name":"wp","href":"https:\/\/api.w.org\/{rel}","templated":true}]}}