{"id":936,"date":"2022-03-17T23:08:27","date_gmt":"2022-03-17T23:08:27","guid":{"rendered":"https:\/\/casfortin.gob.mx\/?page_id=936"},"modified":"2022-03-17T23:47:48","modified_gmt":"2022-03-17T23:47:48","slug":"requisitos-de-contratacion-uso-domestico","status":"publish","type":"page","link":"https:\/\/casfortin.gob.mx\/index.php\/requisitos-de-contratacion-uso-domestico\/","title":{"rendered":"Requisitos de contrataci\u00f3n uso domestico"},"content":{"rendered":"\t\t<div data-elementor-type=\"wp-page\" data-elementor-id=\"936\" class=\"elementor elementor-936\">\n\t\t\t\t\t\t<section class=\"elementor-section elementor-top-section elementor-element elementor-element-6beb5356 elementor-section-boxed elementor-section-height-default elementor-section-height-default\" data-id=\"6beb5356\" data-element_type=\"section\" data-settings=\"{&quot;background_background&quot;:&quot;classic&quot;,&quot;ekit_has_onepagescroll_dot&quot;:&quot;yes&quot;}\">\n\t\t\t\t\t\t\t<div class=\"elementor-background-overlay\"><\/div>\n\t\t\t\t\t\t\t<div class=\"elementor-container elementor-column-gap-default\">\n\t\t\t\t\t<div class=\"elementor-column elementor-col-100 elementor-top-column elementor-element elementor-element-2edc1bc6\" data-id=\"2edc1bc6\" data-element_type=\"column\">\n\t\t\t<div class=\"elementor-widget-wrap elementor-element-populated\">\n\t\t\t\t\t\t<div class=\"elementor-element elementor-element-188b720f elementor-widget elementor-widget-heading\" data-id=\"188b720f\" data-element_type=\"widget\" data-settings=\"{&quot;ekit_we_effect_on&quot;:&quot;none&quot;}\" data-widget_type=\"heading.default\">\n\t\t\t\t<div class=\"elementor-widget-container\">\n\t\t\t\t\t<h2 class=\"elementor-heading-title elementor-size-default\">Requisitos de contrataci\u00f3n para uso domestico <\/h2>\t\t\t\t<\/div>\n\t\t\t\t<\/div>\n\t\t\t\t<div class=\"elementor-element elementor-element-30265111 elementor-icon-list--layout-inline elementor-align-center elementor-list-item-link-full_width elementor-widget elementor-widget-icon-list\" data-id=\"30265111\" data-element_type=\"widget\" data-settings=\"{&quot;ekit_we_effect_on&quot;:&quot;none&quot;}\" data-widget_type=\"icon-list.default\">\n\t\t\t\t<div class=\"elementor-widget-container\">\n\t\t\t\t\t\t\t<ul class=\"elementor-icon-list-items elementor-inline-items\">\n\t\t\t\t\t\t\t<li class=\"elementor-icon-list-item elementor-inline-item\">\n\t\t\t\t\t\t\t\t\t\t<span class=\"elementor-icon-list-text\">Inicio<\/span>\n\t\t\t\t\t\t\t\t\t<\/li>\n\t\t\t\t\t\t\t\t<li class=\"elementor-icon-list-item elementor-inline-item\">\n\t\t\t\t\t\t\t\t\t\t\t<span class=\"elementor-icon-list-icon\">\n\t\t\t\t\t\t\t<i aria-hidden=\"true\" class=\"fas fa-chevron-right\"><\/i>\t\t\t\t\t\t<\/span>\n\t\t\t\t\t\t\t\t\t\t<span class=\"elementor-icon-list-text\">uso domestico <\/span>\n\t\t\t\t\t\t\t\t\t<\/li>\n\t\t\t\t\t\t<\/ul>\n\t\t\t\t\t\t<\/div>\n\t\t\t\t<\/div>\n\t\t\t\t\t<\/div>\n\t\t<\/div>\n\t\t\t\t\t<\/div>\n\t\t<\/section>\n\t\t\t\t<section class=\"elementor-section elementor-top-section elementor-element elementor-element-d696cef elementor-section-boxed elementor-section-height-default elementor-section-height-default\" data-id=\"d696cef\" data-element_type=\"section\" data-settings=\"{&quot;ekit_has_onepagescroll_dot&quot;:&quot;yes&quot;}\">\n\t\t\t\t\t\t<div class=\"elementor-container elementor-column-gap-default\">\n\t\t\t\t\t<div class=\"elementor-column elementor-col-100 elementor-top-column elementor-element elementor-element-ecb61cb\" data-id=\"ecb61cb\" data-element_type=\"column\">\n\t\t\t<div class=\"elementor-widget-wrap elementor-element-populated\">\n\t\t\t\t\t\t<div class=\"elementor-element elementor-element-e22a577 elementor-widget elementor-widget-spacer\" data-id=\"e22a577\" data-element_type=\"widget\" data-settings=\"{&quot;ekit_we_effect_on&quot;:&quot;none&quot;}\" data-widget_type=\"spacer.default\">\n\t\t\t\t<div class=\"elementor-widget-container\">\n\t\t\t\t\t\t\t<div class=\"elementor-spacer\">\n\t\t\t<div class=\"elementor-spacer-inner\"><\/div>\n\t\t<\/div>\n\t\t\t\t\t\t<\/div>\n\t\t\t\t<\/div>\n\t\t\t\t<section class=\"elementor-section elementor-inner-section elementor-element elementor-element-6d301ca elementor-section-boxed elementor-section-height-default elementor-section-height-default\" data-id=\"6d301ca\" data-element_type=\"section\" data-settings=\"{&quot;ekit_has_onepagescroll_dot&quot;:&quot;yes&quot;}\">\n\t\t\t\t\t\t<div class=\"elementor-container elementor-column-gap-default\">\n\t\t\t\t\t<div class=\"elementor-column elementor-col-50 elementor-inner-column elementor-element elementor-element-e7d522f\" data-id=\"e7d522f\" data-element_type=\"column\">\n\t\t\t<div class=\"elementor-widget-wrap elementor-element-populated\">\n\t\t\t\t\t\t<div class=\"elementor-element elementor-element-4ae2479 elementor-widget elementor-widget-heading\" data-id=\"4ae2479\" data-element_type=\"widget\" data-settings=\"{&quot;ekit_we_effect_on&quot;:&quot;none&quot;}\" data-widget_type=\"heading.default\">\n\t\t\t\t<div class=\"elementor-widget-container\">\n\t\t\t\t\t<h2 class=\"elementor-heading-title elementor-size-default\">01.Documentos para avalar la propiedad<\/h2>\t\t\t\t<\/div>\n\t\t\t\t<\/div>\n\t\t\t\t<div class=\"elementor-element elementor-element-95a6aa4 elementor-widget elementor-widget-text-editor\" data-id=\"95a6aa4\" data-element_type=\"widget\" data-settings=\"{&quot;ekit_we_effect_on&quot;:&quot;none&quot;}\" data-widget_type=\"text-editor.default\">\n\t\t\t\t<div class=\"elementor-widget-container\">\n\t\t\t\t\t\t\t\t\t<p>Presentar los siguientes documentos :<\/p>\t\t\t\t\t\t\t\t<\/div>\n\t\t\t\t<\/div>\n\t\t\t\t<div class=\"elementor-element elementor-element-087622b elementor-widget elementor-widget-text-editor\" data-id=\"087622b\" data-element_type=\"widget\" data-settings=\"{&quot;ekit_we_effect_on&quot;:&quot;none&quot;}\" data-widget_type=\"text-editor.default\">\n\t\t\t\t<div class=\"elementor-widget-container\">\n\t\t\t\t\t\t\t\t\t<ul><li>Original y copia del pago predial del a\u00f1o en curso.<\/li><li>Original y copia de la Escritura o Constancia notariada de tr\u00e1mite de escritura de compra-venta.<\/li><li>En el caso de los ejidos es necesario presentar el certificado parcelario en original y copia.<\/li><\/ul>\t\t\t\t\t\t\t\t<\/div>\n\t\t\t\t<\/div>\n\t\t\t\t<div class=\"elementor-element elementor-element-cf9e2a0 elementor-widget elementor-widget-heading\" data-id=\"cf9e2a0\" data-element_type=\"widget\" data-settings=\"{&quot;ekit_we_effect_on&quot;:&quot;none&quot;}\" data-widget_type=\"heading.default\">\n\t\t\t\t<div class=\"elementor-widget-container\">\n\t\t\t\t\t<h2 class=\"elementor-heading-title elementor-size-default\">02.Documentos de Identificaci\u00f3n<\/h2>\t\t\t\t<\/div>\n\t\t\t\t<\/div>\n\t\t\t\t<div class=\"elementor-element elementor-element-4fa5ca8 elementor-widget elementor-widget-text-editor\" data-id=\"4fa5ca8\" data-element_type=\"widget\" data-settings=\"{&quot;ekit_we_effect_on&quot;:&quot;none&quot;}\" data-widget_type=\"text-editor.default\">\n\t\t\t\t<div class=\"elementor-widget-container\">\n\t\t\t\t\t\t\t\t\t<ul><li>Original y copia de credencial de elector.<\/li><li>Croquis de ubicaci\u00f3n del predio.<\/li><\/ul>\t\t\t\t\t\t\t\t<\/div>\n\t\t\t\t<\/div>\n\t\t\t\t\t<\/div>\n\t\t<\/div>\n\t\t\t\t<div class=\"elementor-column elementor-col-50 elementor-inner-column elementor-element elementor-element-6e1c672\" data-id=\"6e1c672\" data-element_type=\"column\">\n\t\t\t<div class=\"elementor-widget-wrap elementor-element-populated\">\n\t\t\t\t\t\t<div class=\"elementor-element elementor-element-ff0b5cc elementor-widget elementor-widget-image\" data-id=\"ff0b5cc\" data-element_type=\"widget\" data-settings=\"{&quot;ekit_we_effect_on&quot;:&quot;none&quot;}\" data-widget_type=\"image.default\">\n\t\t\t\t<div class=\"elementor-widget-container\">\n\t\t\t\t\t\t\t\t\t\t\t\t\t\t\t<img fetchpriority=\"high\" decoding=\"async\" width=\"800\" height=\"534\" src=\"https:\/\/casfortin.gob.mx\/wp-content\/uploads\/2022\/03\/drinking-water-2021-09-02-21-45-49-utc-1024x683.jpg\" class=\"elementor-animation-grow attachment-large size-large wp-image-943\" alt=\"\" srcset=\"https:\/\/casfortin.gob.mx\/wp-content\/uploads\/2022\/03\/drinking-water-2021-09-02-21-45-49-utc-1024x683.jpg 1024w, https:\/\/casfortin.gob.mx\/wp-content\/uploads\/2022\/03\/drinking-water-2021-09-02-21-45-49-utc-300x200.jpg 300w, https:\/\/casfortin.gob.mx\/wp-content\/uploads\/2022\/03\/drinking-water-2021-09-02-21-45-49-utc-768x512.jpg 768w, https:\/\/casfortin.gob.mx\/wp-content\/uploads\/2022\/03\/drinking-water-2021-09-02-21-45-49-utc-1536x1024.jpg 1536w, https:\/\/casfortin.gob.mx\/wp-content\/uploads\/2022\/03\/drinking-water-2021-09-02-21-45-49-utc-2048x1365.jpg 2048w\" sizes=\"(max-width: 800px) 100vw, 800px\" \/>\t\t\t\t\t\t\t\t\t\t\t\t\t\t\t<\/div>\n\t\t\t\t<\/div>\n\t\t\t\t\t<\/div>\n\t\t<\/div>\n\t\t\t\t\t<\/div>\n\t\t<\/section>\n\t\t\t\t<div class=\"elementor-element elementor-element-4e813f0 elementor-widget elementor-widget-spacer\" data-id=\"4e813f0\" data-element_type=\"widget\" data-settings=\"{&quot;ekit_we_effect_on&quot;:&quot;none&quot;}\" data-widget_type=\"spacer.default\">\n\t\t\t\t<div class=\"elementor-widget-container\">\n\t\t\t\t\t\t\t<div class=\"elementor-spacer\">\n\t\t\t<div class=\"elementor-spacer-inner\"><\/div>\n\t\t<\/div>\n\t\t\t\t\t\t<\/div>\n\t\t\t\t<\/div>\n\t\t\t\t<section class=\"elementor-section elementor-inner-section elementor-element elementor-element-7932507 elementor-section-boxed elementor-section-height-default elementor-section-height-default\" data-id=\"7932507\" data-element_type=\"section\" data-settings=\"{&quot;ekit_has_onepagescroll_dot&quot;:&quot;yes&quot;}\">\n\t\t\t\t\t\t<div class=\"elementor-container elementor-column-gap-default\">\n\t\t\t\t\t<div class=\"elementor-column elementor-col-50 elementor-inner-column elementor-element elementor-element-8434983\" data-id=\"8434983\" data-element_type=\"column\">\n\t\t\t<div class=\"elementor-widget-wrap elementor-element-populated\">\n\t\t\t\t\t\t<div class=\"elementor-element elementor-element-d43258f elementor-widget elementor-widget-image\" data-id=\"d43258f\" data-element_type=\"widget\" data-settings=\"{&quot;ekit_we_effect_on&quot;:&quot;none&quot;}\" data-widget_type=\"image.default\">\n\t\t\t\t<div class=\"elementor-widget-container\">\n\t\t\t\t\t\t\t\t\t\t\t\t\t\t\t<img decoding=\"async\" width=\"2560\" height=\"1703\" src=\"https:\/\/casfortin.gob.mx\/wp-content\/uploads\/2022\/03\/drinking-water-and-natural-water-in-the-hands-2021-08-26-18-28-18-utc-scaled.jpg\" class=\"elementor-animation-grow attachment-full size-full wp-image-944\" alt=\"\" srcset=\"https:\/\/casfortin.gob.mx\/wp-content\/uploads\/2022\/03\/drinking-water-and-natural-water-in-the-hands-2021-08-26-18-28-18-utc-scaled.jpg 2560w, https:\/\/casfortin.gob.mx\/wp-content\/uploads\/2022\/03\/drinking-water-and-natural-water-in-the-hands-2021-08-26-18-28-18-utc-300x200.jpg 300w, https:\/\/casfortin.gob.mx\/wp-content\/uploads\/2022\/03\/drinking-water-and-natural-water-in-the-hands-2021-08-26-18-28-18-utc-1024x681.jpg 1024w, https:\/\/casfortin.gob.mx\/wp-content\/uploads\/2022\/03\/drinking-water-and-natural-water-in-the-hands-2021-08-26-18-28-18-utc-768x511.jpg 768w, https:\/\/casfortin.gob.mx\/wp-content\/uploads\/2022\/03\/drinking-water-and-natural-water-in-the-hands-2021-08-26-18-28-18-utc-1536x1022.jpg 1536w, https:\/\/casfortin.gob.mx\/wp-content\/uploads\/2022\/03\/drinking-water-and-natural-water-in-the-hands-2021-08-26-18-28-18-utc-2048x1363.jpg 2048w\" sizes=\"(max-width: 2560px) 100vw, 2560px\" \/>\t\t\t\t\t\t\t\t\t\t\t\t\t\t\t<\/div>\n\t\t\t\t<\/div>\n\t\t\t\t\t<\/div>\n\t\t<\/div>\n\t\t\t\t<div class=\"elementor-column elementor-col-50 elementor-inner-column elementor-element elementor-element-629bd6f\" data-id=\"629bd6f\" data-element_type=\"column\">\n\t\t\t<div class=\"elementor-widget-wrap elementor-element-populated\">\n\t\t\t\t\t\t<div class=\"elementor-element elementor-element-2ad4ba6 elementor-widget elementor-widget-heading\" data-id=\"2ad4ba6\" data-element_type=\"widget\" data-settings=\"{&quot;ekit_we_effect_on&quot;:&quot;none&quot;}\" data-widget_type=\"heading.default\">\n\t\t\t\t<div class=\"elementor-widget-container\">\n\t\t\t\t\t<h2 class=\"elementor-heading-title elementor-size-default\">03.Gestiones<\/h2>\t\t\t\t<\/div>\n\t\t\t\t<\/div>\n\t\t\t\t<div class=\"elementor-element elementor-element-2adc92e elementor-widget elementor-widget-text-editor\" data-id=\"2adc92e\" data-element_type=\"widget\" data-settings=\"{&quot;ekit_we_effect_on&quot;:&quot;none&quot;}\" data-widget_type=\"text-editor.default\">\n\t\t\t\t<div class=\"elementor-widget-container\">\n\t\t\t\t\t\t\t\t\t<ul><li>Se realiza la solicitud y en un m\u00e1ximo de 5 a 8 d\u00edas h\u00e1biles despu\u00e9s se puede efectuar el contrato.<\/li><li>Se realiza una inspecci\u00f3n ocular del lugar.<\/li><li>La vigencia de la solicitud es de 30 d\u00edas .<\/li><\/ul>\t\t\t\t\t\t\t\t<\/div>\n\t\t\t\t<\/div>\n\t\t\t\t<div class=\"elementor-element elementor-element-350fc43 elementor-widget elementor-widget-heading\" data-id=\"350fc43\" data-element_type=\"widget\" data-settings=\"{&quot;ekit_we_effect_on&quot;:&quot;none&quot;}\" data-widget_type=\"heading.default\">\n\t\t\t\t<div class=\"elementor-widget-container\">\n\t\t\t\t\t<h2 class=\"elementor-heading-title elementor-size-default\">04.Tiempo de Conexi\u00f3n<\/h2>\t\t\t\t<\/div>\n\t\t\t\t<\/div>\n\t\t\t\t<div class=\"elementor-element elementor-element-611e4d4 elementor-widget elementor-widget-text-editor\" data-id=\"611e4d4\" data-element_type=\"widget\" data-settings=\"{&quot;ekit_we_effect_on&quot;:&quot;none&quot;}\" data-widget_type=\"text-editor.default\">\n\t\t\t\t<div class=\"elementor-widget-container\">\n\t\t\t\t\t\t\t\t\t<ul><li>A partir de la firma del contrato y realizar el primer pago, se instalar\u00e1 la toma en los pr\u00f3ximos 5 d\u00edas h\u00e1biles.<\/li><\/ul>\t\t\t\t\t\t\t\t<\/div>\n\t\t\t\t<\/div>\n\t\t\t\t<div class=\"elementor-element elementor-element-b824ff7 elementor-widget elementor-widget-heading\" data-id=\"b824ff7\" data-element_type=\"widget\" data-settings=\"{&quot;ekit_we_effect_on&quot;:&quot;none&quot;}\" data-widget_type=\"heading.default\">\n\t\t\t\t<div class=\"elementor-widget-container\">\n\t\t\t\t\t<h2 class=\"elementor-heading-title elementor-size-default\">05.Nota<\/h2>\t\t\t\t<\/div>\n\t\t\t\t<\/div>\n\t\t\t\t<div class=\"elementor-element elementor-element-d30c5bb elementor-widget elementor-widget-text-editor\" data-id=\"d30c5bb\" data-element_type=\"widget\" data-settings=\"{&quot;ekit_we_effect_on&quot;:&quot;none&quot;}\" data-widget_type=\"text-editor.default\">\n\t\t\t\t<div class=\"elementor-widget-container\">\n\t\t\t\t\t\t\t\t\t<ul><li>Si el titular de la propiedad o terreno ejidal no puede hacer el tr\u00e1mite, es necesario que expida una carta poder a otra persona para efectuarlo debidamente firmada incluyendo dos testigos.<\/li><li>Copia de credencial de elector de los firmantes incluyendo las de los dos testigos.<\/li><li>Firmar formato CASF \u2013001<\/li><li>Cubrir el pago de derechos correspondientes.<\/li><li>Se\u00f1alar tel\u00e9fono y correo electr\u00f3nico.<\/li><\/ul>\t\t\t\t\t\t\t\t<\/div>\n\t\t\t\t<\/div>\n\t\t\t\t\t<\/div>\n\t\t<\/div>\n\t\t\t\t\t<\/div>\n\t\t<\/section>\n\t\t\t\t<div class=\"elementor-element elementor-element-b08a601 elementor-widget elementor-widget-spacer\" data-id=\"b08a601\" data-element_type=\"widget\" data-settings=\"{&quot;ekit_we_effect_on&quot;:&quot;none&quot;}\" data-widget_type=\"spacer.default\">\n\t\t\t\t<div class=\"elementor-widget-container\">\n\t\t\t\t\t\t\t<div class=\"elementor-spacer\">\n\t\t\t<div class=\"elementor-spacer-inner\"><\/div>\n\t\t<\/div>\n\t\t\t\t\t\t<\/div>\n\t\t\t\t<\/div>\n\t\t\t\t\t<\/div>\n\t\t<\/div>\n\t\t\t\t\t<\/div>\n\t\t<\/section>\n\t\t\t\t<\/div>\n\t\t","protected":false},"excerpt":{"rendered":"<p>Requisitos de contrataci\u00f3n para uso domestico Inicio uso domestico 01.Documentos para avalar la propiedad Presentar los siguientes documentos : Original y copia del pago predial del a\u00f1o en curso. Original y copia de la Escritura o Constancia notariada de tr\u00e1mite de escritura de compra-venta. En el caso de los ejidos es necesario presentar el certificado [&hellip;]<\/p>\n","protected":false},"author":1,"featured_media":0,"parent":0,"menu_order":0,"comment_status":"closed","ping_status":"closed","template":"elementor_header_footer","meta":{"footnotes":""},"class_list":["post-936","page","type-page","status-publish","hentry"],"yoast_head":"<!-- This site is optimized with the Yoast SEO plugin v24.3 - https:\/\/yoast.com\/wordpress\/plugins\/seo\/ -->\n<title>Requisitos de contrataci\u00f3n uso domestico - Comisi\u00f3n de Agua y Saneamiento de Fortin<\/title>\n<meta name=\"robots\" content=\"index, follow, max-snippet:-1, max-image-preview:large, max-video-preview:-1\" \/>\n<link rel=\"canonical\" href=\"https:\/\/casfortin.gob.mx\/index.php\/requisitos-de-contratacion-uso-domestico\/\" \/>\n<meta property=\"og:locale\" content=\"es_MX\" \/>\n<meta property=\"og:type\" content=\"article\" \/>\n<meta property=\"og:title\" content=\"Requisitos de contrataci\u00f3n uso domestico - Comisi\u00f3n de Agua y Saneamiento de Fortin\" \/>\n<meta property=\"og:description\" content=\"Requisitos de contrataci\u00f3n para uso domestico Inicio uso domestico 01.Documentos para avalar la propiedad Presentar los siguientes documentos : Original y copia del pago predial del a\u00f1o en curso. Original y copia de la Escritura o Constancia notariada de tr\u00e1mite de escritura de compra-venta. En el caso de los ejidos es necesario presentar el certificado [&hellip;]\" \/>\n<meta property=\"og:url\" content=\"https:\/\/casfortin.gob.mx\/index.php\/requisitos-de-contratacion-uso-domestico\/\" \/>\n<meta property=\"og:site_name\" content=\"Comisi\u00f3n de Agua y Saneamiento de Fortin\" \/>\n<meta property=\"article:modified_time\" content=\"2022-03-17T23:47:48+00:00\" \/>\n<meta property=\"og:image\" content=\"https:\/\/casfortin.gob.mx\/wp-content\/uploads\/2022\/03\/drinking-water-2021-09-02-21-45-49-utc-1024x683.jpg\" \/>\n<meta name=\"twitter:card\" content=\"summary_large_image\" \/>\n<meta name=\"twitter:label1\" content=\"Tiempo de lectura\" \/>\n\t<meta name=\"twitter:data1\" content=\"2 minutos\" \/>\n<script type=\"application\/ld+json\" class=\"yoast-schema-graph\">{\"@context\":\"https:\/\/schema.org\",\"@graph\":[{\"@type\":\"WebPage\",\"@id\":\"https:\/\/casfortin.gob.mx\/index.php\/requisitos-de-contratacion-uso-domestico\/\",\"url\":\"https:\/\/casfortin.gob.mx\/index.php\/requisitos-de-contratacion-uso-domestico\/\",\"name\":\"Requisitos de contrataci\u00f3n uso domestico - Comisi\u00f3n de Agua y Saneamiento de Fortin\",\"isPartOf\":{\"@id\":\"https:\/\/casfortin.gob.mx\/#website\"},\"primaryImageOfPage\":{\"@id\":\"https:\/\/casfortin.gob.mx\/index.php\/requisitos-de-contratacion-uso-domestico\/#primaryimage\"},\"image\":{\"@id\":\"https:\/\/casfortin.gob.mx\/index.php\/requisitos-de-contratacion-uso-domestico\/#primaryimage\"},\"thumbnailUrl\":\"https:\/\/casfortin.gob.mx\/wp-content\/uploads\/2022\/03\/drinking-water-2021-09-02-21-45-49-utc-1024x683.jpg\",\"datePublished\":\"2022-03-17T23:08:27+00:00\",\"dateModified\":\"2022-03-17T23:47:48+00:00\",\"breadcrumb\":{\"@id\":\"https:\/\/casfortin.gob.mx\/index.php\/requisitos-de-contratacion-uso-domestico\/#breadcrumb\"},\"inLanguage\":\"es\",\"potentialAction\":[{\"@type\":\"ReadAction\",\"target\":[\"https:\/\/casfortin.gob.mx\/index.php\/requisitos-de-contratacion-uso-domestico\/\"]}]},{\"@type\":\"ImageObject\",\"inLanguage\":\"es\",\"@id\":\"https:\/\/casfortin.gob.mx\/index.php\/requisitos-de-contratacion-uso-domestico\/#primaryimage\",\"url\":\"https:\/\/casfortin.gob.mx\/wp-content\/uploads\/2022\/03\/drinking-water-2021-09-02-21-45-49-utc-scaled.jpg\",\"contentUrl\":\"https:\/\/casfortin.gob.mx\/wp-content\/uploads\/2022\/03\/drinking-water-2021-09-02-21-45-49-utc-scaled.jpg\",\"width\":2560,\"height\":1707,\"caption\":\"Glass of drinking water on table in kitchen\"},{\"@type\":\"BreadcrumbList\",\"@id\":\"https:\/\/casfortin.gob.mx\/index.php\/requisitos-de-contratacion-uso-domestico\/#breadcrumb\",\"itemListElement\":[{\"@type\":\"ListItem\",\"position\":1,\"name\":\"Inicio\",\"item\":\"https:\/\/casfortin.gob.mx\/\"},{\"@type\":\"ListItem\",\"position\":2,\"name\":\"Requisitos de contrataci\u00f3n uso domestico\"}]},{\"@type\":\"WebSite\",\"@id\":\"https:\/\/casfortin.gob.mx\/#website\",\"url\":\"https:\/\/casfortin.gob.mx\/\",\"name\":\"Comisi\u00f3n de Agua y Saneamiento de Fortin\",\"description\":\"La Comisi\u00f3n de Agua y Saneamiento de Fort\u00edn es un organismo p\u00fablico descentralizado que surge por la necesidad de dotar al municipio de Fort\u00edn\",\"publisher\":{\"@id\":\"https:\/\/casfortin.gob.mx\/#organization\"},\"potentialAction\":[{\"@type\":\"SearchAction\",\"target\":{\"@type\":\"EntryPoint\",\"urlTemplate\":\"https:\/\/casfortin.gob.mx\/?s={search_term_string}\"},\"query-input\":{\"@type\":\"PropertyValueSpecification\",\"valueRequired\":true,\"valueName\":\"search_term_string\"}}],\"inLanguage\":\"es\"},{\"@type\":\"Organization\",\"@id\":\"https:\/\/casfortin.gob.mx\/#organization\",\"name\":\"Comisi\u00f3n de Agua y Saneamiento De Fort\u00edn\",\"url\":\"https:\/\/casfortin.gob.mx\/\",\"logo\":{\"@type\":\"ImageObject\",\"inLanguage\":\"es\",\"@id\":\"https:\/\/casfortin.gob.mx\/#\/schema\/logo\/image\/\",\"url\":\"https:\/\/casfortin.gob.mx\/wp-content\/uploads\/2022\/02\/logo-02-1.png\",\"contentUrl\":\"https:\/\/casfortin.gob.mx\/wp-content\/uploads\/2022\/02\/logo-02-1.png\",\"width\":657,\"height\":186,\"caption\":\"Comisi\u00f3n de Agua y Saneamiento De Fort\u00edn\"},\"image\":{\"@id\":\"https:\/\/casfortin.gob.mx\/#\/schema\/logo\/image\/\"}}]}<\/script>\n<!-- \/ Yoast SEO plugin. -->","yoast_head_json":{"title":"Requisitos de contrataci\u00f3n uso domestico - Comisi\u00f3n de Agua y Saneamiento de Fortin","robots":{"index":"index","follow":"follow","max-snippet":"max-snippet:-1","max-image-preview":"max-image-preview:large","max-video-preview":"max-video-preview:-1"},"canonical":"https:\/\/casfortin.gob.mx\/index.php\/requisitos-de-contratacion-uso-domestico\/","og_locale":"es_MX","og_type":"article","og_title":"Requisitos de contrataci\u00f3n uso domestico - Comisi\u00f3n de Agua y Saneamiento de Fortin","og_description":"Requisitos de contrataci\u00f3n para uso domestico Inicio uso domestico 01.Documentos para avalar la propiedad Presentar los siguientes documentos : Original y copia del pago predial del a\u00f1o en curso. Original y copia de la Escritura o Constancia notariada de tr\u00e1mite de escritura de compra-venta. En el caso de los ejidos es necesario presentar el certificado [&hellip;]","og_url":"https:\/\/casfortin.gob.mx\/index.php\/requisitos-de-contratacion-uso-domestico\/","og_site_name":"Comisi\u00f3n de Agua y Saneamiento de Fortin","article_modified_time":"2022-03-17T23:47:48+00:00","og_image":[{"url":"https:\/\/casfortin.gob.mx\/wp-content\/uploads\/2022\/03\/drinking-water-2021-09-02-21-45-49-utc-1024x683.jpg","type":"","width":"","height":""}],"twitter_card":"summary_large_image","twitter_misc":{"Tiempo de lectura":"2 minutos"},"schema":{"@context":"https:\/\/schema.org","@graph":[{"@type":"WebPage","@id":"https:\/\/casfortin.gob.mx\/index.php\/requisitos-de-contratacion-uso-domestico\/","url":"https:\/\/casfortin.gob.mx\/index.php\/requisitos-de-contratacion-uso-domestico\/","name":"Requisitos de contrataci\u00f3n uso domestico - Comisi\u00f3n de Agua y Saneamiento de Fortin","isPartOf":{"@id":"https:\/\/casfortin.gob.mx\/#website"},"primaryImageOfPage":{"@id":"https:\/\/casfortin.gob.mx\/index.php\/requisitos-de-contratacion-uso-domestico\/#primaryimage"},"image":{"@id":"https:\/\/casfortin.gob.mx\/index.php\/requisitos-de-contratacion-uso-domestico\/#primaryimage"},"thumbnailUrl":"https:\/\/casfortin.gob.mx\/wp-content\/uploads\/2022\/03\/drinking-water-2021-09-02-21-45-49-utc-1024x683.jpg","datePublished":"2022-03-17T23:08:27+00:00","dateModified":"2022-03-17T23:47:48+00:00","breadcrumb":{"@id":"https:\/\/casfortin.gob.mx\/index.php\/requisitos-de-contratacion-uso-domestico\/#breadcrumb"},"inLanguage":"es","potentialAction":[{"@type":"ReadAction","target":["https:\/\/casfortin.gob.mx\/index.php\/requisitos-de-contratacion-uso-domestico\/"]}]},{"@type":"ImageObject","inLanguage":"es","@id":"https:\/\/casfortin.gob.mx\/index.php\/requisitos-de-contratacion-uso-domestico\/#primaryimage","url":"https:\/\/casfortin.gob.mx\/wp-content\/uploads\/2022\/03\/drinking-water-2021-09-02-21-45-49-utc-scaled.jpg","contentUrl":"https:\/\/casfortin.gob.mx\/wp-content\/uploads\/2022\/03\/drinking-water-2021-09-02-21-45-49-utc-scaled.jpg","width":2560,"height":1707,"caption":"Glass of drinking water on table in kitchen"},{"@type":"BreadcrumbList","@id":"https:\/\/casfortin.gob.mx\/index.php\/requisitos-de-contratacion-uso-domestico\/#breadcrumb","itemListElement":[{"@type":"ListItem","position":1,"name":"Inicio","item":"https:\/\/casfortin.gob.mx\/"},{"@type":"ListItem","position":2,"name":"Requisitos de contrataci\u00f3n uso domestico"}]},{"@type":"WebSite","@id":"https:\/\/casfortin.gob.mx\/#website","url":"https:\/\/casfortin.gob.mx\/","name":"Comisi\u00f3n de Agua y Saneamiento de Fortin","description":"La Comisi\u00f3n de Agua y Saneamiento de Fort\u00edn es un organismo p\u00fablico descentralizado que surge por la necesidad de dotar al municipio de Fort\u00edn","publisher":{"@id":"https:\/\/casfortin.gob.mx\/#organization"},"potentialAction":[{"@type":"SearchAction","target":{"@type":"EntryPoint","urlTemplate":"https:\/\/casfortin.gob.mx\/?s={search_term_string}"},"query-input":{"@type":"PropertyValueSpecification","valueRequired":true,"valueName":"search_term_string"}}],"inLanguage":"es"},{"@type":"Organization","@id":"https:\/\/casfortin.gob.mx\/#organization","name":"Comisi\u00f3n de Agua y Saneamiento De Fort\u00edn","url":"https:\/\/casfortin.gob.mx\/","logo":{"@type":"ImageObject","inLanguage":"es","@id":"https:\/\/casfortin.gob.mx\/#\/schema\/logo\/image\/","url":"https:\/\/casfortin.gob.mx\/wp-content\/uploads\/2022\/02\/logo-02-1.png","contentUrl":"https:\/\/casfortin.gob.mx\/wp-content\/uploads\/2022\/02\/logo-02-1.png","width":657,"height":186,"caption":"Comisi\u00f3n de Agua y Saneamiento De Fort\u00edn"},"image":{"@id":"https:\/\/casfortin.gob.mx\/#\/schema\/logo\/image\/"}}]}},"_links":{"self":[{"href":"https:\/\/casfortin.gob.mx\/index.php\/wp-json\/wp\/v2\/pages\/936","targetHints":{"allow":["GET"]}}],"collection":[{"href":"https:\/\/casfortin.gob.mx\/index.php\/wp-json\/wp\/v2\/pages"}],"about":[{"href":"https:\/\/casfortin.gob.mx\/index.php\/wp-json\/wp\/v2\/types\/page"}],"author":[{"embeddable":true,"href":"https:\/\/casfortin.gob.mx\/index.php\/wp-json\/wp\/v2\/users\/1"}],"replies":[{"embeddable":true,"href":"https:\/\/casfortin.gob.mx\/index.php\/wp-json\/wp\/v2\/comments?post=936"}],"version-history":[{"count":19,"href":"https:\/\/casfortin.gob.mx\/index.php\/wp-json\/wp\/v2\/pages\/936\/revisions"}],"predecessor-version":[{"id":981,"href":"https:\/\/casfortin.gob.mx\/index.php\/wp-json\/wp\/v2\/pages\/936\/revisions\/981"}],"wp:attachment":[{"href":"https:\/\/casfortin.gob.mx\/index.php\/wp-json\/wp\/v2\/media?parent=936"}],"curies":[{"name":"wp","href":"https:\/\/api.w.org\/{rel}","templated":true}]}}